{"id":2817,"date":"2022-11-09T15:52:41","date_gmt":"2022-11-09T14:52:41","guid":{"rendered":"https:\/\/cosben-it.com\/equipos\/forestal\/cargadoras-de-ruedas-para-forestal\/"},"modified":"2022-11-14T16:10:01","modified_gmt":"2022-11-14T15:10:01","slug":"cargadoras-de-ruedas-para-forestal","status":"publish","type":"page","link":"https:\/\/cosben-it.com\/es\/equipos\/forestal\/cargadoras-de-ruedas-para-forestal\/","title":{"rendered":"Cargadoras de ruedas para forestal"},"content":{"rendered":"<p>[vc_row css_animation=\u00bb\u00bb row_type=\u00bbrow\u00bb use_row_as_full_screen_section=\u00bbno\u00bb type=\u00bbgrid\u00bb angled_section=\u00bbno\u00bb text_align=\u00bbleft\u00bb background_image_as_pattern=\u00bbwithout_pattern\u00bb z_index=\u00bb\u00bb][vc_column][vc_empty_space height=\u00bb50px\u00bb]<div class=\"woocommerce columns-4 \"><ul class=\"products\">\n\t<li class=\"product type-product post-2261 status-publish first instock product_cat-agricultura product_cat-bosque product_cat-cargadoras-de-ruedas-para-agricultura product_cat-cargadoras-de-ruedas-para-forestal product_cat-cargadoras-de-ruedas-para-la-construccion product_cat-cargadoras-de-ruedas-para-mineria product_cat-costruzione-es product_cat-miniera-es has-post-thumbnail shipping-taxable product-type-simple\">\n\t\t\n    <div class=\"top-product-section\">\n\n        <a itemprop=\"url\" href=\"https:\/\/cosben-it.com\/es\/prodotti\/agricultura\/cargadoras-de-ruedas-para-agricultura\/enganche-rapido-hidraulico-ag_wl\/\" class=\"product-category\">\n            <span class=\"image-wrapper\">\n            <img loading=\"lazy\" decoding=\"async\" width=\"300\" height=\"300\" src=\"https:\/\/cosben-it.com\/wp-content\/uploads\/2022\/03\/Attacco-rapido-idraulico-AG-WL-300x300.webp\" class=\"attachment-woocommerce_thumbnail size-woocommerce_thumbnail\" alt=\"Attacco-rapido-idraulico-AG-WL\" srcset=\"https:\/\/cosben-it.com\/wp-content\/uploads\/2022\/03\/Attacco-rapido-idraulico-AG-WL-300x300.webp 300w, https:\/\/cosben-it.com\/wp-content\/uploads\/2022\/03\/Attacco-rapido-idraulico-AG-WL-1024x1024.webp 1024w, https:\/\/cosben-it.com\/wp-content\/uploads\/2022\/03\/Attacco-rapido-idraulico-AG-WL-150x150.webp 150w, https:\/\/cosben-it.com\/wp-content\/uploads\/2022\/03\/Attacco-rapido-idraulico-AG-WL-768x768.webp 768w, https:\/\/cosben-it.com\/wp-content\/uploads\/2022\/03\/Attacco-rapido-idraulico-AG-WL-570x570.webp 570w, https:\/\/cosben-it.com\/wp-content\/uploads\/2022\/03\/Attacco-rapido-idraulico-AG-WL-500x500.webp 500w, https:\/\/cosben-it.com\/wp-content\/uploads\/2022\/03\/Attacco-rapido-idraulico-AG-WL-1000x1000.webp 1000w, https:\/\/cosben-it.com\/wp-content\/uploads\/2022\/03\/Attacco-rapido-idraulico-AG-WL-700x700.webp 700w, https:\/\/cosben-it.com\/wp-content\/uploads\/2022\/03\/Attacco-rapido-idraulico-AG-WL-600x600.webp 600w, https:\/\/cosben-it.com\/wp-content\/uploads\/2022\/03\/Attacco-rapido-idraulico-AG-WL-100x100.webp 100w, https:\/\/cosben-it.com\/wp-content\/uploads\/2022\/03\/Attacco-rapido-idraulico-AG-WL.webp 1080w\" sizes=\"auto, (max-width: 300px) 100vw, 300px\" \/>            <\/span>\n        <\/a>\n\n\t\t\n    <\/div>\n        <a itemprop=\"url\" href=\"https:\/\/cosben-it.com\/es\/prodotti\/agricultura\/cargadoras-de-ruedas-para-agricultura\/enganche-rapido-hidraulico-ag_wl\/\" class=\"product-category product-info\">\n        <h6 itemprop=\"name\">Enganche r\u00e1pido hidr\u00e1ulico \u2013 AG_WL<\/h6>\n\n        \n        \n    <\/a>\n\n    \n<\/li>\n\t<li class=\"product type-product post-3010 status-publish instock product_cat-bosque product_cat-cargadoras-de-ruedas-para-forestal product_cat-maquinas-telescopicas-para-forestal has-post-thumbnail shipping-taxable product-type-simple\">\n\t\t\n    <div class=\"top-product-section\">\n\n        <a itemprop=\"url\" href=\"https:\/\/cosben-it.com\/es\/prodotti\/bosque\/cargadoras-de-ruedas-para-forestal\/pinza-para-troncos-ft\/\" class=\"product-category\">\n            <span class=\"image-wrapper\">\n            <img loading=\"lazy\" decoding=\"async\" width=\"300\" height=\"300\" src=\"https:\/\/cosben-it.com\/wp-content\/uploads\/2022\/03\/Pinza-tronchi-FT-300x300.webp\" class=\"attachment-woocommerce_thumbnail size-woocommerce_thumbnail\" alt=\"Pinza tronchi\" srcset=\"https:\/\/cosben-it.com\/wp-content\/uploads\/2022\/03\/Pinza-tronchi-FT-300x300.webp 300w, https:\/\/cosben-it.com\/wp-content\/uploads\/2022\/03\/Pinza-tronchi-FT-1024x1024.webp 1024w, https:\/\/cosben-it.com\/wp-content\/uploads\/2022\/03\/Pinza-tronchi-FT-150x150.webp 150w, https:\/\/cosben-it.com\/wp-content\/uploads\/2022\/03\/Pinza-tronchi-FT-768x768.webp 768w, https:\/\/cosben-it.com\/wp-content\/uploads\/2022\/03\/Pinza-tronchi-FT-570x570.webp 570w, https:\/\/cosben-it.com\/wp-content\/uploads\/2022\/03\/Pinza-tronchi-FT-500x500.webp 500w, https:\/\/cosben-it.com\/wp-content\/uploads\/2022\/03\/Pinza-tronchi-FT-1000x1000.webp 1000w, https:\/\/cosben-it.com\/wp-content\/uploads\/2022\/03\/Pinza-tronchi-FT-700x700.webp 700w, https:\/\/cosben-it.com\/wp-content\/uploads\/2022\/03\/Pinza-tronchi-FT-600x600.webp 600w, https:\/\/cosben-it.com\/wp-content\/uploads\/2022\/03\/Pinza-tronchi-FT-100x100.webp 100w, https:\/\/cosben-it.com\/wp-content\/uploads\/2022\/03\/Pinza-tronchi-FT.webp 1080w\" sizes=\"auto, (max-width: 300px) 100vw, 300px\" \/>            <\/span>\n        <\/a>\n\n\t\t\n    <\/div>\n        <a itemprop=\"url\" href=\"https:\/\/cosben-it.com\/es\/prodotti\/bosque\/cargadoras-de-ruedas-para-forestal\/pinza-para-troncos-ft\/\" class=\"product-category product-info\">\n        <h6 itemprop=\"name\">Pinza para troncos &#8211; FT<\/h6>\n\n        \n        \n    <\/a>\n\n    \n<\/li>\n\t<li class=\"product type-product post-2256 status-publish instock product_cat-bosque product_cat-cargadoras-de-ruedas-para-forestal has-post-thumbnail shipping-taxable product-type-simple\">\n\t\t\n    <div class=\"top-product-section\">\n\n        <a itemprop=\"url\" href=\"https:\/\/cosben-it.com\/es\/prodotti\/bosque\/cargadoras-de-ruedas-para-forestal\/grua-a-cuchara-para-troncos-oscilante-lg\/\" class=\"product-category\">\n            <span class=\"image-wrapper\">\n            <img loading=\"lazy\" decoding=\"async\" width=\"300\" height=\"300\" src=\"https:\/\/cosben-it.com\/wp-content\/uploads\/2022\/03\/Pinza_tronchi_oscillante-LG-300x300.webp\" class=\"attachment-woocommerce_thumbnail size-woocommerce_thumbnail\" alt=\"Pinza_tronchi_oscillante-LG\" srcset=\"https:\/\/cosben-it.com\/wp-content\/uploads\/2022\/03\/Pinza_tronchi_oscillante-LG-300x300.webp 300w, https:\/\/cosben-it.com\/wp-content\/uploads\/2022\/03\/Pinza_tronchi_oscillante-LG-1024x1024.webp 1024w, https:\/\/cosben-it.com\/wp-content\/uploads\/2022\/03\/Pinza_tronchi_oscillante-LG-150x150.webp 150w, https:\/\/cosben-it.com\/wp-content\/uploads\/2022\/03\/Pinza_tronchi_oscillante-LG-768x768.webp 768w, https:\/\/cosben-it.com\/wp-content\/uploads\/2022\/03\/Pinza_tronchi_oscillante-LG-570x570.webp 570w, https:\/\/cosben-it.com\/wp-content\/uploads\/2022\/03\/Pinza_tronchi_oscillante-LG-500x500.webp 500w, https:\/\/cosben-it.com\/wp-content\/uploads\/2022\/03\/Pinza_tronchi_oscillante-LG-1000x1000.webp 1000w, https:\/\/cosben-it.com\/wp-content\/uploads\/2022\/03\/Pinza_tronchi_oscillante-LG-700x700.webp 700w, https:\/\/cosben-it.com\/wp-content\/uploads\/2022\/03\/Pinza_tronchi_oscillante-LG-600x600.webp 600w, https:\/\/cosben-it.com\/wp-content\/uploads\/2022\/03\/Pinza_tronchi_oscillante-LG-100x100.webp 100w, https:\/\/cosben-it.com\/wp-content\/uploads\/2022\/03\/Pinza_tronchi_oscillante-LG.webp 1080w\" sizes=\"auto, (max-width: 300px) 100vw, 300px\" \/>            <\/span>\n        <\/a>\n\n\t\t\n    <\/div>\n        <a itemprop=\"url\" href=\"https:\/\/cosben-it.com\/es\/prodotti\/bosque\/cargadoras-de-ruedas-para-forestal\/grua-a-cuchara-para-troncos-oscilante-lg\/\" class=\"product-category product-info\">\n        <h6 itemprop=\"name\">Pinza para troncos oscilante &#8211; LG<\/h6>\n\n        \n        \n    <\/a>\n\n    \n<\/li>\n\t<li class=\"product type-product post-2252 status-publish last instock product_cat-agricultura product_cat-bosque product_cat-cargadoras-de-ruedas-para-agricultura product_cat-cargadoras-de-ruedas-para-forestal has-post-thumbnail shipping-taxable product-type-simple\">\n\t\t\n    <div class=\"top-product-section\">\n\n        <a itemprop=\"url\" href=\"https:\/\/cosben-it.com\/es\/prodotti\/agricultura\/cargadoras-de-ruedas-para-agricultura\/rastrillo-mordaza-rk\/\" class=\"product-category\">\n            <span class=\"image-wrapper\">\n            <img loading=\"lazy\" decoding=\"async\" width=\"300\" height=\"300\" src=\"https:\/\/cosben-it.com\/wp-content\/uploads\/2022\/03\/Rastrello_con_griffa-RK-300x300.webp\" class=\"attachment-woocommerce_thumbnail size-woocommerce_thumbnail\" alt=\"Rastrello_con_griffa-RK\" srcset=\"https:\/\/cosben-it.com\/wp-content\/uploads\/2022\/03\/Rastrello_con_griffa-RK-300x300.webp 300w, https:\/\/cosben-it.com\/wp-content\/uploads\/2022\/03\/Rastrello_con_griffa-RK-1024x1024.webp 1024w, https:\/\/cosben-it.com\/wp-content\/uploads\/2022\/03\/Rastrello_con_griffa-RK-150x150.webp 150w, https:\/\/cosben-it.com\/wp-content\/uploads\/2022\/03\/Rastrello_con_griffa-RK-768x768.webp 768w, https:\/\/cosben-it.com\/wp-content\/uploads\/2022\/03\/Rastrello_con_griffa-RK-570x570.webp 570w, https:\/\/cosben-it.com\/wp-content\/uploads\/2022\/03\/Rastrello_con_griffa-RK-500x500.webp 500w, https:\/\/cosben-it.com\/wp-content\/uploads\/2022\/03\/Rastrello_con_griffa-RK-1000x1000.webp 1000w, https:\/\/cosben-it.com\/wp-content\/uploads\/2022\/03\/Rastrello_con_griffa-RK-700x700.webp 700w, https:\/\/cosben-it.com\/wp-content\/uploads\/2022\/03\/Rastrello_con_griffa-RK-600x600.webp 600w, https:\/\/cosben-it.com\/wp-content\/uploads\/2022\/03\/Rastrello_con_griffa-RK-100x100.webp 100w, https:\/\/cosben-it.com\/wp-content\/uploads\/2022\/03\/Rastrello_con_griffa-RK.webp 1080w\" sizes=\"auto, (max-width: 300px) 100vw, 300px\" \/>            <\/span>\n        <\/a>\n\n\t\t\n    <\/div>\n        <a itemprop=\"url\" href=\"https:\/\/cosben-it.com\/es\/prodotti\/agricultura\/cargadoras-de-ruedas-para-agricultura\/rastrillo-mordaza-rk\/\" class=\"product-category product-info\">\n        <h6 itemprop=\"name\">Rastrillo mordaza &#8211; RK<\/h6>\n\n        \n        \n    <\/a>\n\n    \n<\/li><\/ul>\n<\/div>[\/vc_column][\/vc_row][vc_row css_animation=\u00bb\u00bb row_type=\u00bbrow\u00bb use_row_as_full_screen_section=\u00bbno\u00bb type=\u00bbgrid\u00bb angled_section=\u00bbno\u00bb text_align=\u00bbleft\u00bb background_image_as_pattern=\u00bbwithout_pattern\u00bb z_index=\u00bb\u00bb][vc_column][vc_empty_space height=\u00bb100px\u00bb][\/vc_column][\/vc_row][vc_row css_animation=\u00bb\u00bb row_type=\u00bbrow\u00bb use_row_as_full_screen_section=\u00bbno\u00bb type=\u00bbfull_width\u00bb angled_section=\u00bbno\u00bb text_align=\u00bbcenter\u00bb background_image_as_pattern=\u00bbwithout_pattern\u00bb z_index=\u00bb\u00bb css=\u00bb.vc_custom_1648822505230{background-image: url(https:\/\/cosben-it.com\/wp-content\/uploads\/2022\/04\/Pre_footer-Desktop.webp?id=1165) !important;}\u00bb][vc_column][vc_empty_space height=\u00bb80px\u00bb][vc_column_text]<\/p>\n<h2 class = \"white\" style = \"text-align: center;\"> <span style = \"color: #f7f7f7;\"> \u00a1Cont\u00e1ctenos! <\/span> <\/h2>\n<p>[\/vc_column_text][vc_empty_space height=\u00bb15px\u00bb][vc_column_text]<\/p>\n<h3 style = \"text-align: center;\"> <span style = \"color: #f7f7f7;\"> \u00bfNecesita informaci\u00f3n? P\u00f3ngase en contacto con nosotros para obtener m\u00e1s informaci\u00f3n. <\/span> <\/h3>\n<p>[\/vc_column_text][vc_empty_space height=\u00bb40px\u00bb]<a  itemprop=\"url\" href=\"https:\/\/cosben-it.com\/es\/contactos\/\" target=\"_self\" data-hover-background-color='#009640' data-hover-border-color='#009640' data-hover-color='#ffffff' class=\"qbutton  default\" style=\"color: #0a0a0a; border-color: #ffffff; background-color: #ffffff;\">\u00a1Cont\u00e1ctenos!<\/a>[vc_empty_space height=\u00bb80px\u00bb][\/vc_column][\/vc_row]<\/p>\n","protected":false},"excerpt":{"rendered":"<p>[vc_row css_animation=\u00bb\u00bb row_type=\u00bbrow\u00bb use_row_as_full_screen_section=\u00bbno\u00bb type=\u00bbgrid\u00bb angled_section=\u00bbno\u00bb text_align=\u00bbleft\u00bb background_image_as_pattern=\u00bbwithout_pattern\u00bb z_index=\u00bb\u00bb][vc_column][vc_empty_space height=\u00bb50px\u00bb][\/vc_column][\/vc_row][vc_row css_animation=\u00bb\u00bb row_type=\u00bbrow\u00bb use_row_as_full_screen_section=\u00bbno\u00bb type=\u00bbgrid\u00bb angled_section=\u00bbno\u00bb text_align=\u00bbleft\u00bb background_image_as_pattern=\u00bbwithout_pattern\u00bb z_index=\u00bb\u00bb][vc_column][vc_empty_space height=\u00bb100px\u00bb][\/vc_column][\/vc_row][vc_row css_animation=\u00bb\u00bb row_type=\u00bbrow\u00bb use_row_as_full_screen_section=\u00bbno\u00bb type=\u00bbfull_width\u00bb angled_section=\u00bbno\u00bb text_align=\u00bbcenter\u00bb background_image_as_pattern=\u00bbwithout_pattern\u00bb z_index=\u00bb\u00bb css=\u00bb.vc_custom_1648822505230{background-image: url(https:\/\/cosben-it.com\/wp-content\/uploads\/2022\/04\/Pre_footer-Desktop.webp?id=1165) !important;}\u00bb][vc_column][vc_empty_space height=\u00bb80px\u00bb][vc_column_text] \u00a1Cont\u00e1ctenos! [\/vc_column_text][vc_empty_space height=\u00bb15px\u00bb][vc_column_text] \u00bfNecesita informaci\u00f3n? P\u00f3ngase en contacto con nosotros para obtener m\u00e1s informaci\u00f3n&#8230;.<\/p>\n","protected":false},"author":1,"featured_media":0,"parent":2813,"menu_order":0,"comment_status":"closed","ping_status":"closed","template":"full_width.php","meta":{"inline_featured_image":false,"footnotes":""},"class_list":["post-2817","page","type-page","status-publish","hentry"],"_links":{"self":[{"href":"https:\/\/cosben-it.com\/es\/wp-json\/wp\/v2\/pages\/2817","targetHints":{"allow":["GET"]}}],"collection":[{"href":"https:\/\/cosben-it.com\/es\/wp-json\/wp\/v2\/pages"}],"about":[{"href":"https:\/\/cosben-it.com\/es\/wp-json\/wp\/v2\/types\/page"}],"author":[{"embeddable":true,"href":"https:\/\/cosben-it.com\/es\/wp-json\/wp\/v2\/users\/1"}],"replies":[{"embeddable":true,"href":"https:\/\/cosben-it.com\/es\/wp-json\/wp\/v2\/comments?post=2817"}],"version-history":[{"count":10,"href":"https:\/\/cosben-it.com\/es\/wp-json\/wp\/v2\/pages\/2817\/revisions"}],"predecessor-version":[{"id":3485,"href":"https:\/\/cosben-it.com\/es\/wp-json\/wp\/v2\/pages\/2817\/revisions\/3485"}],"up":[{"embeddable":true,"href":"https:\/\/cosben-it.com\/es\/wp-json\/wp\/v2\/pages\/2813"}],"wp:attachment":[{"href":"https:\/\/cosben-it.com\/es\/wp-json\/wp\/v2\/media?parent=2817"}],"curies":[{"name":"wp","href":"https:\/\/api.w.org\/{rel}","templated":true}]}}