{"id":2823,"date":"2022-11-09T16:00:49","date_gmt":"2022-11-09T15:00:49","guid":{"rendered":"https:\/\/cosben-it.com\/equipos\/forestal\/maquinas-telescopicas-para-forestal\/"},"modified":"2022-11-14T11:51:26","modified_gmt":"2022-11-14T10:51:26","slug":"maquinas-telescopicas-para-forestal","status":"publish","type":"page","link":"https:\/\/cosben-it.com\/es\/equipos\/forestal\/maquinas-telescopicas-para-forestal\/","title":{"rendered":"M\u00e1quinas telesc\u00f3picas para forestal"},"content":{"rendered":"<p>[vc_row css_animation=\u00bb\u00bb row_type=\u00bbrow\u00bb use_row_as_full_screen_section=\u00bbno\u00bb type=\u00bbgrid\u00bb angled_section=\u00bbno\u00bb text_align=\u00bbleft\u00bb background_image_as_pattern=\u00bbwithout_pattern\u00bb z_index=\u00bb\u00bb][vc_column][vc_empty_space height=\u00bb50px\u00bb]<div class=\"woocommerce columns-4 \"><ul class=\"products\">\n\t<li class=\"product type-product post-3030 status-publish first instock product_cat-agricultura product_cat-costruzione-es product_cat-maquinas-telescopicas-para-forestal product_cat-maquinas-telescopicas-para-la-construccion has-post-thumbnail shipping-taxable product-type-simple\">\n\t\t\n    <div class=\"top-product-section\">\n\n        <a itemprop=\"url\" href=\"https:\/\/cosben-it.com\/es\/prodotti\/bosque\/maquinas-telescopicas-para-forestal\/cuchara-empleos-generales-gp\/\" class=\"product-category\">\n            <span class=\"image-wrapper\">\n            <img loading=\"lazy\" decoding=\"async\" width=\"300\" height=\"300\" src=\"https:\/\/cosben-it.com\/wp-content\/uploads\/2022\/03\/Benna-impiego-generale-GP-300x300.webp\" class=\"attachment-woocommerce_thumbnail size-woocommerce_thumbnail\" alt=\"Benna impiego generale\" srcset=\"https:\/\/cosben-it.com\/wp-content\/uploads\/2022\/03\/Benna-impiego-generale-GP-300x300.webp 300w, https:\/\/cosben-it.com\/wp-content\/uploads\/2022\/03\/Benna-impiego-generale-GP-1024x1024.webp 1024w, https:\/\/cosben-it.com\/wp-content\/uploads\/2022\/03\/Benna-impiego-generale-GP-150x150.webp 150w, https:\/\/cosben-it.com\/wp-content\/uploads\/2022\/03\/Benna-impiego-generale-GP-768x768.webp 768w, https:\/\/cosben-it.com\/wp-content\/uploads\/2022\/03\/Benna-impiego-generale-GP-570x570.webp 570w, https:\/\/cosben-it.com\/wp-content\/uploads\/2022\/03\/Benna-impiego-generale-GP-500x500.webp 500w, https:\/\/cosben-it.com\/wp-content\/uploads\/2022\/03\/Benna-impiego-generale-GP-1000x1000.webp 1000w, https:\/\/cosben-it.com\/wp-content\/uploads\/2022\/03\/Benna-impiego-generale-GP-700x700.webp 700w, https:\/\/cosben-it.com\/wp-content\/uploads\/2022\/03\/Benna-impiego-generale-GP-600x600.webp 600w, https:\/\/cosben-it.com\/wp-content\/uploads\/2022\/03\/Benna-impiego-generale-GP-100x100.webp 100w, https:\/\/cosben-it.com\/wp-content\/uploads\/2022\/03\/Benna-impiego-generale-GP.webp 1080w\" sizes=\"auto, (max-width: 300px) 100vw, 300px\" \/>            <\/span>\n        <\/a>\n\n\t\t\n    <\/div>\n        <a itemprop=\"url\" href=\"https:\/\/cosben-it.com\/es\/prodotti\/bosque\/maquinas-telescopicas-para-forestal\/cuchara-empleos-generales-gp\/\" class=\"product-category product-info\">\n        <h6 itemprop=\"name\">Cuchara empleos generales &#8211; GP<\/h6>\n\n        \n        \n    <\/a>\n\n    \n<\/li>\n\t<li class=\"product type-product post-3010 status-publish instock product_cat-bosque product_cat-cargadoras-de-ruedas-para-forestal product_cat-maquinas-telescopicas-para-forestal has-post-thumbnail shipping-taxable product-type-simple\">\n\t\t\n    <div class=\"top-product-section\">\n\n        <a itemprop=\"url\" href=\"https:\/\/cosben-it.com\/es\/prodotti\/bosque\/cargadoras-de-ruedas-para-forestal\/pinza-para-troncos-ft\/\" class=\"product-category\">\n            <span class=\"image-wrapper\">\n            <img loading=\"lazy\" decoding=\"async\" width=\"300\" height=\"300\" src=\"https:\/\/cosben-it.com\/wp-content\/uploads\/2022\/03\/Pinza-tronchi-FT-300x300.webp\" class=\"attachment-woocommerce_thumbnail size-woocommerce_thumbnail\" alt=\"Pinza tronchi\" srcset=\"https:\/\/cosben-it.com\/wp-content\/uploads\/2022\/03\/Pinza-tronchi-FT-300x300.webp 300w, https:\/\/cosben-it.com\/wp-content\/uploads\/2022\/03\/Pinza-tronchi-FT-1024x1024.webp 1024w, https:\/\/cosben-it.com\/wp-content\/uploads\/2022\/03\/Pinza-tronchi-FT-150x150.webp 150w, https:\/\/cosben-it.com\/wp-content\/uploads\/2022\/03\/Pinza-tronchi-FT-768x768.webp 768w, https:\/\/cosben-it.com\/wp-content\/uploads\/2022\/03\/Pinza-tronchi-FT-570x570.webp 570w, https:\/\/cosben-it.com\/wp-content\/uploads\/2022\/03\/Pinza-tronchi-FT-500x500.webp 500w, https:\/\/cosben-it.com\/wp-content\/uploads\/2022\/03\/Pinza-tronchi-FT-1000x1000.webp 1000w, https:\/\/cosben-it.com\/wp-content\/uploads\/2022\/03\/Pinza-tronchi-FT-700x700.webp 700w, https:\/\/cosben-it.com\/wp-content\/uploads\/2022\/03\/Pinza-tronchi-FT-600x600.webp 600w, https:\/\/cosben-it.com\/wp-content\/uploads\/2022\/03\/Pinza-tronchi-FT-100x100.webp 100w, https:\/\/cosben-it.com\/wp-content\/uploads\/2022\/03\/Pinza-tronchi-FT.webp 1080w\" sizes=\"auto, (max-width: 300px) 100vw, 300px\" \/>            <\/span>\n        <\/a>\n\n\t\t\n    <\/div>\n        <a itemprop=\"url\" href=\"https:\/\/cosben-it.com\/es\/prodotti\/bosque\/cargadoras-de-ruedas-para-forestal\/pinza-para-troncos-ft\/\" class=\"product-category product-info\">\n        <h6 itemprop=\"name\">Pinza para troncos &#8211; FT<\/h6>\n\n        \n        \n    <\/a>\n\n    \n<\/li><\/ul>\n<\/div>[\/vc_column][\/vc_row][vc_row css_animation=\u00bb\u00bb row_type=\u00bbrow\u00bb use_row_as_full_screen_section=\u00bbno\u00bb type=\u00bbgrid\u00bb angled_section=\u00bbno\u00bb text_align=\u00bbleft\u00bb background_image_as_pattern=\u00bbwithout_pattern\u00bb z_index=\u00bb\u00bb][vc_column][vc_empty_space height=\u00bb100px\u00bb][\/vc_column][\/vc_row][vc_row css_animation=\u00bb\u00bb row_type=\u00bbrow\u00bb use_row_as_full_screen_section=\u00bbno\u00bb type=\u00bbfull_width\u00bb angled_section=\u00bbno\u00bb text_align=\u00bbcenter\u00bb background_image_as_pattern=\u00bbwithout_pattern\u00bb z_index=\u00bb\u00bb css=\u00bb.vc_custom_1648822505230{background-image: url(https:\/\/cosben-it.com\/wp-content\/uploads\/2022\/04\/Pre_footer-Desktop.webp?id=1165) !important;}\u00bb][vc_column][vc_empty_space height=\u00bb80px\u00bb][vc_column_text]<\/p>\n<h2 class = \"white\" style = \"text-align: center;\"> <span style = \"color: #f7f7f7;\"> \u00a1Cont\u00e1ctenos! <\/span> <\/h2>\n<p>[\/vc_column_text][vc_empty_space height=\u00bb15px\u00bb][vc_column_text]<\/p>\n<h3 style = \"text-align: center;\"> <span style = \"color: #f7f7f7;\"> \u00bfNecesita informaci\u00f3n? P\u00f3ngase en contacto con nosotros para obtener m\u00e1s informaci\u00f3n. <\/span> <\/h3>\n<p>[\/vc_column_text][vc_empty_space height=\u00bb40px\u00bb]<a  itemprop=\"url\" href=\"https:\/\/cosben-it.com\/es\/contactos\/\" target=\"_self\" data-hover-background-color='#009640' data-hover-border-color='#009640' data-hover-color='#ffffff' class=\"qbutton  default\" style=\"color: #0a0a0a; border-color: #ffffff; background-color: #ffffff;\">\u00a1Cont\u00e1ctenos!<\/a>[vc_empty_space height=\u00bb80px\u00bb][\/vc_column][\/vc_row]<\/p>\n","protected":false},"excerpt":{"rendered":"<p>[vc_row css_animation=\u00bb\u00bb row_type=\u00bbrow\u00bb use_row_as_full_screen_section=\u00bbno\u00bb type=\u00bbgrid\u00bb angled_section=\u00bbno\u00bb text_align=\u00bbleft\u00bb background_image_as_pattern=\u00bbwithout_pattern\u00bb z_index=\u00bb\u00bb][vc_column][vc_empty_space height=\u00bb50px\u00bb][\/vc_column][\/vc_row][vc_row css_animation=\u00bb\u00bb row_type=\u00bbrow\u00bb use_row_as_full_screen_section=\u00bbno\u00bb type=\u00bbgrid\u00bb angled_section=\u00bbno\u00bb text_align=\u00bbleft\u00bb background_image_as_pattern=\u00bbwithout_pattern\u00bb z_index=\u00bb\u00bb][vc_column][vc_empty_space height=\u00bb100px\u00bb][\/vc_column][\/vc_row][vc_row css_animation=\u00bb\u00bb row_type=\u00bbrow\u00bb use_row_as_full_screen_section=\u00bbno\u00bb type=\u00bbfull_width\u00bb angled_section=\u00bbno\u00bb text_align=\u00bbcenter\u00bb background_image_as_pattern=\u00bbwithout_pattern\u00bb z_index=\u00bb\u00bb css=\u00bb.vc_custom_1648822505230{background-image: url(https:\/\/cosben-it.com\/wp-content\/uploads\/2022\/04\/Pre_footer-Desktop.webp?id=1165) !important;}\u00bb][vc_column][vc_empty_space height=\u00bb80px\u00bb][vc_column_text] \u00a1Cont\u00e1ctenos! [\/vc_column_text][vc_empty_space height=\u00bb15px\u00bb][vc_column_text] \u00bfNecesita informaci\u00f3n? P\u00f3ngase en contacto con nosotros para obtener m\u00e1s informaci\u00f3n&#8230;.<\/p>\n","protected":false},"author":1,"featured_media":0,"parent":2813,"menu_order":0,"comment_status":"closed","ping_status":"closed","template":"full_width.php","meta":{"inline_featured_image":false,"footnotes":""},"class_list":["post-2823","page","type-page","status-publish","hentry"],"_links":{"self":[{"href":"https:\/\/cosben-it.com\/es\/wp-json\/wp\/v2\/pages\/2823","targetHints":{"allow":["GET"]}}],"collection":[{"href":"https:\/\/cosben-it.com\/es\/wp-json\/wp\/v2\/pages"}],"about":[{"href":"https:\/\/cosben-it.com\/es\/wp-json\/wp\/v2\/types\/page"}],"author":[{"embeddable":true,"href":"https:\/\/cosben-it.com\/es\/wp-json\/wp\/v2\/users\/1"}],"replies":[{"embeddable":true,"href":"https:\/\/cosben-it.com\/es\/wp-json\/wp\/v2\/comments?post=2823"}],"version-history":[{"count":5,"href":"https:\/\/cosben-it.com\/es\/wp-json\/wp\/v2\/pages\/2823\/revisions"}],"predecessor-version":[{"id":3384,"href":"https:\/\/cosben-it.com\/es\/wp-json\/wp\/v2\/pages\/2823\/revisions\/3384"}],"up":[{"embeddable":true,"href":"https:\/\/cosben-it.com\/es\/wp-json\/wp\/v2\/pages\/2813"}],"wp:attachment":[{"href":"https:\/\/cosben-it.com\/es\/wp-json\/wp\/v2\/media?parent=2823"}],"curies":[{"name":"wp","href":"https:\/\/api.w.org\/{rel}","templated":true}]}}