{"id":2830,"date":"2022-11-09T16:05:11","date_gmt":"2022-11-09T15:05:11","guid":{"rendered":"https:\/\/cosben-it.com\/equipos\/mineria\/cargadoras-de-ruedas-para-mineria\/"},"modified":"2022-11-14T12:15:12","modified_gmt":"2022-11-14T11:15:12","slug":"cargadoras-de-ruedas-para-mineria","status":"publish","type":"page","link":"https:\/\/cosben-it.com\/es\/equipos\/mineria\/cargadoras-de-ruedas-para-mineria\/","title":{"rendered":"Cargadoras de ruedas para mineria"},"content":{"rendered":"<p>[vc_row css_animation=\u00bb\u00bb row_type=\u00bbrow\u00bb use_row_as_full_screen_section=\u00bbno\u00bb type=\u00bbgrid\u00bb angled_section=\u00bbno\u00bb text_align=\u00bbleft\u00bb background_image_as_pattern=\u00bbwithout_pattern\u00bb z_index=\u00bb\u00bb][vc_column][vc_empty_space height=\u00bb50px\u00bb]<div class=\"woocommerce columns-4 \"><ul class=\"products\">\n\t<li class=\"product type-product post-2261 status-publish first instock product_cat-agricultura product_cat-bosque product_cat-cargadoras-de-ruedas-para-agricultura product_cat-cargadoras-de-ruedas-para-forestal product_cat-cargadoras-de-ruedas-para-la-construccion product_cat-cargadoras-de-ruedas-para-mineria product_cat-costruzione-es product_cat-miniera-es has-post-thumbnail shipping-taxable product-type-simple\">\n\t\t\n    <div class=\"top-product-section\">\n\n        <a itemprop=\"url\" href=\"https:\/\/cosben-it.com\/es\/prodotti\/agricultura\/cargadoras-de-ruedas-para-agricultura\/enganche-rapido-hidraulico-ag_wl\/\" class=\"product-category\">\n            <span class=\"image-wrapper\">\n            <img loading=\"lazy\" decoding=\"async\" width=\"300\" height=\"300\" src=\"https:\/\/cosben-it.com\/wp-content\/uploads\/2022\/03\/Attacco-rapido-idraulico-AG-WL-300x300.webp\" class=\"attachment-woocommerce_thumbnail size-woocommerce_thumbnail\" alt=\"Attacco-rapido-idraulico-AG-WL\" srcset=\"https:\/\/cosben-it.com\/wp-content\/uploads\/2022\/03\/Attacco-rapido-idraulico-AG-WL-300x300.webp 300w, https:\/\/cosben-it.com\/wp-content\/uploads\/2022\/03\/Attacco-rapido-idraulico-AG-WL-1024x1024.webp 1024w, https:\/\/cosben-it.com\/wp-content\/uploads\/2022\/03\/Attacco-rapido-idraulico-AG-WL-150x150.webp 150w, https:\/\/cosben-it.com\/wp-content\/uploads\/2022\/03\/Attacco-rapido-idraulico-AG-WL-768x768.webp 768w, https:\/\/cosben-it.com\/wp-content\/uploads\/2022\/03\/Attacco-rapido-idraulico-AG-WL-570x570.webp 570w, https:\/\/cosben-it.com\/wp-content\/uploads\/2022\/03\/Attacco-rapido-idraulico-AG-WL-500x500.webp 500w, https:\/\/cosben-it.com\/wp-content\/uploads\/2022\/03\/Attacco-rapido-idraulico-AG-WL-1000x1000.webp 1000w, https:\/\/cosben-it.com\/wp-content\/uploads\/2022\/03\/Attacco-rapido-idraulico-AG-WL-700x700.webp 700w, https:\/\/cosben-it.com\/wp-content\/uploads\/2022\/03\/Attacco-rapido-idraulico-AG-WL-600x600.webp 600w, https:\/\/cosben-it.com\/wp-content\/uploads\/2022\/03\/Attacco-rapido-idraulico-AG-WL-100x100.webp 100w, https:\/\/cosben-it.com\/wp-content\/uploads\/2022\/03\/Attacco-rapido-idraulico-AG-WL.webp 1080w\" sizes=\"auto, (max-width: 300px) 100vw, 300px\" \/>            <\/span>\n        <\/a>\n\n\t\t\n    <\/div>\n        <a itemprop=\"url\" href=\"https:\/\/cosben-it.com\/es\/prodotti\/agricultura\/cargadoras-de-ruedas-para-agricultura\/enganche-rapido-hidraulico-ag_wl\/\" class=\"product-category product-info\">\n        <h6 itemprop=\"name\">Enganche r\u00e1pido hidr\u00e1ulico \u2013 AG_WL<\/h6>\n\n        \n        \n    <\/a>\n\n    \n<\/li>\n\t<li class=\"product type-product post-2250 status-publish instock product_cat-cargadoras-de-ruedas-para-mineria product_cat-miniera-es product_cat-personalizacion-de-excavadoras has-post-thumbnail shipping-taxable product-type-simple\">\n\t\t\n    <div class=\"top-product-section\">\n\n        <a itemprop=\"url\" href=\"https:\/\/cosben-it.com\/es\/prodotti\/miniera-es\/cargadoras-de-ruedas-para-mineria\/manipulador-de-llantas-tm\/\" class=\"product-category\">\n            <span class=\"image-wrapper\">\n            <img loading=\"lazy\" decoding=\"async\" width=\"300\" height=\"300\" src=\"https:\/\/cosben-it.com\/wp-content\/uploads\/2022\/03\/Pinza_per_pneumatici-TM--300x300.webp\" class=\"attachment-woocommerce_thumbnail size-woocommerce_thumbnail\" alt=\"Manipulador de llantas-TM\" srcset=\"https:\/\/cosben-it.com\/wp-content\/uploads\/2022\/03\/Pinza_per_pneumatici-TM--300x300.webp 300w, https:\/\/cosben-it.com\/wp-content\/uploads\/2022\/03\/Pinza_per_pneumatici-TM--1024x1024.webp 1024w, https:\/\/cosben-it.com\/wp-content\/uploads\/2022\/03\/Pinza_per_pneumatici-TM--150x150.webp 150w, https:\/\/cosben-it.com\/wp-content\/uploads\/2022\/03\/Pinza_per_pneumatici-TM--768x768.webp 768w, https:\/\/cosben-it.com\/wp-content\/uploads\/2022\/03\/Pinza_per_pneumatici-TM--570x570.webp 570w, https:\/\/cosben-it.com\/wp-content\/uploads\/2022\/03\/Pinza_per_pneumatici-TM--500x500.webp 500w, https:\/\/cosben-it.com\/wp-content\/uploads\/2022\/03\/Pinza_per_pneumatici-TM--1000x1000.webp 1000w, https:\/\/cosben-it.com\/wp-content\/uploads\/2022\/03\/Pinza_per_pneumatici-TM--700x700.webp 700w, https:\/\/cosben-it.com\/wp-content\/uploads\/2022\/03\/Pinza_per_pneumatici-TM--600x600.webp 600w, https:\/\/cosben-it.com\/wp-content\/uploads\/2022\/03\/Pinza_per_pneumatici-TM--100x100.webp 100w, https:\/\/cosben-it.com\/wp-content\/uploads\/2022\/03\/Pinza_per_pneumatici-TM-.webp 1080w\" sizes=\"auto, (max-width: 300px) 100vw, 300px\" \/>            <\/span>\n        <\/a>\n\n\t\t\n    <\/div>\n        <a itemprop=\"url\" href=\"https:\/\/cosben-it.com\/es\/prodotti\/miniera-es\/cargadoras-de-ruedas-para-mineria\/manipulador-de-llantas-tm\/\" class=\"product-category product-info\">\n        <h6 itemprop=\"name\">Manipulador de llantas &#8211; TM<\/h6>\n\n        \n        \n    <\/a>\n\n    \n<\/li><\/ul>\n<\/div>[\/vc_column][\/vc_row][vc_row css_animation=\u00bb\u00bb row_type=\u00bbrow\u00bb use_row_as_full_screen_section=\u00bbno\u00bb type=\u00bbgrid\u00bb angled_section=\u00bbno\u00bb text_align=\u00bbleft\u00bb background_image_as_pattern=\u00bbwithout_pattern\u00bb z_index=\u00bb\u00bb][vc_column][vc_empty_space height=\u00bb100px\u00bb][\/vc_column][\/vc_row][vc_row css_animation=\u00bb\u00bb row_type=\u00bbrow\u00bb use_row_as_full_screen_section=\u00bbno\u00bb type=\u00bbfull_width\u00bb angled_section=\u00bbno\u00bb text_align=\u00bbcenter\u00bb background_image_as_pattern=\u00bbwithout_pattern\u00bb z_index=\u00bb\u00bb css=\u00bb.vc_custom_1648822505230{background-image: url(https:\/\/cosben-it.com\/wp-content\/uploads\/2022\/04\/Pre_footer-Desktop.webp?id=1165) !important;}\u00bb][vc_column][vc_empty_space height=\u00bb80px\u00bb][vc_column_text]<\/p>\n<h2 class = \"white\" style = \"text-align: center;\"> <span style = \"color: #f7f7f7;\"> \u00a1Cont\u00e1ctenos! <\/span> <\/h2>\n<p>[\/vc_column_text][vc_empty_space height=\u00bb15px\u00bb][vc_column_text]<\/p>\n<h3 style = \"text-align: center;\"> <span style = \"color: #f7f7f7;\"> \u00bfNecesita informaci\u00f3n? P\u00f3ngase en contacto con nosotros para obtener m\u00e1s informaci\u00f3n. <\/span> <\/h3>\n<p>[\/vc_column_text][vc_empty_space height=\u00bb40px\u00bb]<a  itemprop=\"url\" href=\"https:\/\/cosben-it.com\/es\/contactos\/\" target=\"_self\" data-hover-background-color='#009640' data-hover-border-color='#009640' data-hover-color='#ffffff' class=\"qbutton  default\" style=\"color: #0a0a0a; border-color: #ffffff; background-color: #ffffff;\">\u00a1Cont\u00e1ctenos!<\/a>[vc_empty_space height=\u00bb80px\u00bb][\/vc_column][\/vc_row]<\/p>\n","protected":false},"excerpt":{"rendered":"<p>[vc_row css_animation=\u00bb\u00bb row_type=\u00bbrow\u00bb use_row_as_full_screen_section=\u00bbno\u00bb type=\u00bbgrid\u00bb angled_section=\u00bbno\u00bb text_align=\u00bbleft\u00bb background_image_as_pattern=\u00bbwithout_pattern\u00bb z_index=\u00bb\u00bb][vc_column][vc_empty_space height=\u00bb50px\u00bb][\/vc_column][\/vc_row][vc_row css_animation=\u00bb\u00bb row_type=\u00bbrow\u00bb use_row_as_full_screen_section=\u00bbno\u00bb type=\u00bbgrid\u00bb angled_section=\u00bbno\u00bb text_align=\u00bbleft\u00bb background_image_as_pattern=\u00bbwithout_pattern\u00bb z_index=\u00bb\u00bb][vc_column][vc_empty_space height=\u00bb100px\u00bb][\/vc_column][\/vc_row][vc_row css_animation=\u00bb\u00bb row_type=\u00bbrow\u00bb use_row_as_full_screen_section=\u00bbno\u00bb type=\u00bbfull_width\u00bb angled_section=\u00bbno\u00bb text_align=\u00bbcenter\u00bb background_image_as_pattern=\u00bbwithout_pattern\u00bb z_index=\u00bb\u00bb css=\u00bb.vc_custom_1648822505230{background-image: url(https:\/\/cosben-it.com\/wp-content\/uploads\/2022\/04\/Pre_footer-Desktop.webp?id=1165) !important;}\u00bb][vc_column][vc_empty_space height=\u00bb80px\u00bb][vc_column_text] \u00a1Cont\u00e1ctenos! [\/vc_column_text][vc_empty_space height=\u00bb15px\u00bb][vc_column_text] \u00bfNecesita informaci\u00f3n? P\u00f3ngase en contacto con nosotros para obtener m\u00e1s informaci\u00f3n&#8230;.<\/p>\n","protected":false},"author":1,"featured_media":0,"parent":2826,"menu_order":0,"comment_status":"closed","ping_status":"closed","template":"full_width.php","meta":{"inline_featured_image":false,"footnotes":""},"class_list":["post-2830","page","type-page","status-publish","hentry"],"_links":{"self":[{"href":"https:\/\/cosben-it.com\/es\/wp-json\/wp\/v2\/pages\/2830","targetHints":{"allow":["GET"]}}],"collection":[{"href":"https:\/\/cosben-it.com\/es\/wp-json\/wp\/v2\/pages"}],"about":[{"href":"https:\/\/cosben-it.com\/es\/wp-json\/wp\/v2\/types\/page"}],"author":[{"embeddable":true,"href":"https:\/\/cosben-it.com\/es\/wp-json\/wp\/v2\/users\/1"}],"replies":[{"embeddable":true,"href":"https:\/\/cosben-it.com\/es\/wp-json\/wp\/v2\/comments?post=2830"}],"version-history":[{"count":5,"href":"https:\/\/cosben-it.com\/es\/wp-json\/wp\/v2\/pages\/2830\/revisions"}],"predecessor-version":[{"id":3428,"href":"https:\/\/cosben-it.com\/es\/wp-json\/wp\/v2\/pages\/2830\/revisions\/3428"}],"up":[{"embeddable":true,"href":"https:\/\/cosben-it.com\/es\/wp-json\/wp\/v2\/pages\/2826"}],"wp:attachment":[{"href":"https:\/\/cosben-it.com\/es\/wp-json\/wp\/v2\/media?parent=2830"}],"curies":[{"name":"wp","href":"https:\/\/api.w.org\/{rel}","templated":true}]}}