{"id":2833,"date":"2022-11-09T16:06:04","date_gmt":"2022-11-09T15:06:04","guid":{"rendered":"https:\/\/cosben-it.com\/equipos\/mineria\/excavadoras-para-mineria\/"},"modified":"2022-11-14T15:45:05","modified_gmt":"2022-11-14T14:45:05","slug":"excavadoras-para-mineria","status":"publish","type":"page","link":"https:\/\/cosben-it.com\/es\/equipos\/mineria\/excavadoras-para-mineria\/","title":{"rendered":"Excavadoras para mineria"},"content":{"rendered":"<p>[vc_row css_animation=\u00bb\u00bb row_type=\u00bbrow\u00bb use_row_as_full_screen_section=\u00bbno\u00bb type=\u00bbgrid\u00bb angled_section=\u00bbno\u00bb text_align=\u00bbleft\u00bb background_image_as_pattern=\u00bbwithout_pattern\u00bb z_index=\u00bb\u00bb][vc_column][vc_empty_space height=\u00bb50px\u00bb]<div class=\"woocommerce columns-4 \"><ul class=\"products\">\n\t<li class=\"product type-product post-3037 status-publish first instock product_cat-costruzione-es product_cat-excavadoras-para-construccion product_cat-excavadoras-para-mineria product_cat-miniera-es has-post-thumbnail shipping-taxable product-type-simple\">\n\t\t\n    <div class=\"top-product-section\">\n\n        <a itemprop=\"url\" href=\"https:\/\/cosben-it.com\/es\/prodotti\/costruzione-es\/excavadoras-para-construccion\/cuchara-para-rocas-reforzada-ex\/\" class=\"product-category\">\n            <span class=\"image-wrapper\">\n            <img loading=\"lazy\" decoding=\"async\" width=\"300\" height=\"300\" src=\"https:\/\/cosben-it.com\/wp-content\/uploads\/2022\/03\/Benna_roccia_rinforzata-EX--300x300.webp\" class=\"attachment-woocommerce_thumbnail size-woocommerce_thumbnail\" alt=\"Benna roccia rinforzata per escavatori\" srcset=\"https:\/\/cosben-it.com\/wp-content\/uploads\/2022\/03\/Benna_roccia_rinforzata-EX--300x300.webp 300w, https:\/\/cosben-it.com\/wp-content\/uploads\/2022\/03\/Benna_roccia_rinforzata-EX--1024x1024.webp 1024w, https:\/\/cosben-it.com\/wp-content\/uploads\/2022\/03\/Benna_roccia_rinforzata-EX--150x150.webp 150w, https:\/\/cosben-it.com\/wp-content\/uploads\/2022\/03\/Benna_roccia_rinforzata-EX--768x768.webp 768w, https:\/\/cosben-it.com\/wp-content\/uploads\/2022\/03\/Benna_roccia_rinforzata-EX--570x570.webp 570w, https:\/\/cosben-it.com\/wp-content\/uploads\/2022\/03\/Benna_roccia_rinforzata-EX--500x500.webp 500w, https:\/\/cosben-it.com\/wp-content\/uploads\/2022\/03\/Benna_roccia_rinforzata-EX--1000x1000.webp 1000w, https:\/\/cosben-it.com\/wp-content\/uploads\/2022\/03\/Benna_roccia_rinforzata-EX--700x700.webp 700w, https:\/\/cosben-it.com\/wp-content\/uploads\/2022\/03\/Benna_roccia_rinforzata-EX--600x600.webp 600w, https:\/\/cosben-it.com\/wp-content\/uploads\/2022\/03\/Benna_roccia_rinforzata-EX--100x100.webp 100w, https:\/\/cosben-it.com\/wp-content\/uploads\/2022\/03\/Benna_roccia_rinforzata-EX-.webp 1080w\" sizes=\"auto, (max-width: 300px) 100vw, 300px\" \/>            <\/span>\n        <\/a>\n\n\t\t\n    <\/div>\n        <a itemprop=\"url\" href=\"https:\/\/cosben-it.com\/es\/prodotti\/costruzione-es\/excavadoras-para-construccion\/cuchara-para-rocas-reforzada-ex\/\" class=\"product-category product-info\">\n        <h6 itemprop=\"name\">Cuchara para rocas reforzada &#8211; EX<\/h6>\n\n        \n        \n    <\/a>\n\n    \n<\/li>\n\t<li class=\"product type-product post-3041 status-publish instock product_cat-bosque product_cat-costruzione-es product_cat-excavadoras-para-construccion product_cat-excavadoras-para-forestal product_cat-excavadoras-para-mineria product_cat-miniera-es has-post-thumbnail shipping-taxable product-type-simple\">\n\t\t\n    <div class=\"top-product-section\">\n\n        <a itemprop=\"url\" href=\"https:\/\/cosben-it.com\/es\/prodotti\/costruzione-es\/excavadoras-para-construccion\/enganche-rapido-hidraulico-pin-block-pl-i\/\" class=\"product-category\">\n            <span class=\"image-wrapper\">\n            <img loading=\"lazy\" decoding=\"async\" width=\"300\" height=\"300\" src=\"https:\/\/cosben-it.com\/wp-content\/uploads\/2022\/03\/Aggancio-rapido-idraulico-blocco-perno\u2013PLI-300x300.webp\" class=\"attachment-woocommerce_thumbnail size-woocommerce_thumbnail\" alt=\"Aggancio rapido idraulico blocco perno per escavatori\" srcset=\"https:\/\/cosben-it.com\/wp-content\/uploads\/2022\/03\/Aggancio-rapido-idraulico-blocco-perno\u2013PLI-300x300.webp 300w, https:\/\/cosben-it.com\/wp-content\/uploads\/2022\/03\/Aggancio-rapido-idraulico-blocco-perno\u2013PLI-1024x1024.webp 1024w, https:\/\/cosben-it.com\/wp-content\/uploads\/2022\/03\/Aggancio-rapido-idraulico-blocco-perno\u2013PLI-150x150.webp 150w, https:\/\/cosben-it.com\/wp-content\/uploads\/2022\/03\/Aggancio-rapido-idraulico-blocco-perno\u2013PLI-768x768.webp 768w, https:\/\/cosben-it.com\/wp-content\/uploads\/2022\/03\/Aggancio-rapido-idraulico-blocco-perno\u2013PLI-570x570.webp 570w, https:\/\/cosben-it.com\/wp-content\/uploads\/2022\/03\/Aggancio-rapido-idraulico-blocco-perno\u2013PLI-500x500.webp 500w, https:\/\/cosben-it.com\/wp-content\/uploads\/2022\/03\/Aggancio-rapido-idraulico-blocco-perno\u2013PLI-1000x1000.webp 1000w, https:\/\/cosben-it.com\/wp-content\/uploads\/2022\/03\/Aggancio-rapido-idraulico-blocco-perno\u2013PLI-700x700.webp 700w, https:\/\/cosben-it.com\/wp-content\/uploads\/2022\/03\/Aggancio-rapido-idraulico-blocco-perno\u2013PLI-600x600.webp 600w, https:\/\/cosben-it.com\/wp-content\/uploads\/2022\/03\/Aggancio-rapido-idraulico-blocco-perno\u2013PLI-100x100.webp 100w, https:\/\/cosben-it.com\/wp-content\/uploads\/2022\/03\/Aggancio-rapido-idraulico-blocco-perno\u2013PLI.webp 1080w\" sizes=\"auto, (max-width: 300px) 100vw, 300px\" \/>            <\/span>\n        <\/a>\n\n\t\t\n    <\/div>\n        <a itemprop=\"url\" href=\"https:\/\/cosben-it.com\/es\/prodotti\/costruzione-es\/excavadoras-para-construccion\/enganche-rapido-hidraulico-pin-block-pl-i\/\" class=\"product-category product-info\">\n        <h6 itemprop=\"name\">Enganche r\u00e1pido hidr\u00e1ulico pin block &#8211; PL.I<\/h6>\n\n        \n        \n    <\/a>\n\n    \n<\/li>\n\t<li class=\"product type-product post-2249 status-publish instock product_cat-bosque product_cat-costruzione-es product_cat-excavadoras-para-construccion product_cat-excavadoras-para-forestal product_cat-excavadoras-para-mineria product_cat-miniera-es has-post-thumbnail shipping-taxable product-type-simple\">\n\t\t\n    <div class=\"top-product-section\">\n\n        <a itemprop=\"url\" href=\"https:\/\/cosben-it.com\/es\/prodotti\/costruzione-es\/excavadoras-para-construccion\/sistema-de-acoplamiento-rapido-mecanico-pl-m\/\" class=\"product-category\">\n            <span class=\"image-wrapper\">\n            <img loading=\"lazy\" decoding=\"async\" width=\"300\" height=\"300\" src=\"https:\/\/cosben-it.com\/wp-content\/uploads\/2022\/03\/Aggancio-rapido-meccanico-blocco-perno\u2013PLM-300x300.webp\" class=\"attachment-woocommerce_thumbnail size-woocommerce_thumbnail\" alt=\"Aggancio rapido meccanico blocco perno\u2013PLM\" srcset=\"https:\/\/cosben-it.com\/wp-content\/uploads\/2022\/03\/Aggancio-rapido-meccanico-blocco-perno\u2013PLM-300x300.webp 300w, https:\/\/cosben-it.com\/wp-content\/uploads\/2022\/03\/Aggancio-rapido-meccanico-blocco-perno\u2013PLM-1024x1024.webp 1024w, https:\/\/cosben-it.com\/wp-content\/uploads\/2022\/03\/Aggancio-rapido-meccanico-blocco-perno\u2013PLM-150x150.webp 150w, https:\/\/cosben-it.com\/wp-content\/uploads\/2022\/03\/Aggancio-rapido-meccanico-blocco-perno\u2013PLM-768x768.webp 768w, https:\/\/cosben-it.com\/wp-content\/uploads\/2022\/03\/Aggancio-rapido-meccanico-blocco-perno\u2013PLM-570x570.webp 570w, https:\/\/cosben-it.com\/wp-content\/uploads\/2022\/03\/Aggancio-rapido-meccanico-blocco-perno\u2013PLM-500x500.webp 500w, https:\/\/cosben-it.com\/wp-content\/uploads\/2022\/03\/Aggancio-rapido-meccanico-blocco-perno\u2013PLM-1000x1000.webp 1000w, https:\/\/cosben-it.com\/wp-content\/uploads\/2022\/03\/Aggancio-rapido-meccanico-blocco-perno\u2013PLM-700x700.webp 700w, https:\/\/cosben-it.com\/wp-content\/uploads\/2022\/03\/Aggancio-rapido-meccanico-blocco-perno\u2013PLM-600x600.webp 600w, https:\/\/cosben-it.com\/wp-content\/uploads\/2022\/03\/Aggancio-rapido-meccanico-blocco-perno\u2013PLM-100x100.webp 100w, https:\/\/cosben-it.com\/wp-content\/uploads\/2022\/03\/Aggancio-rapido-meccanico-blocco-perno\u2013PLM.webp 1080w\" sizes=\"auto, (max-width: 300px) 100vw, 300px\" \/>            <\/span>\n        <\/a>\n\n\t\t\n    <\/div>\n        <a itemprop=\"url\" href=\"https:\/\/cosben-it.com\/es\/prodotti\/costruzione-es\/excavadoras-para-construccion\/sistema-de-acoplamiento-rapido-mecanico-pl-m\/\" class=\"product-category product-info\">\n        <h6 itemprop=\"name\">Sistema de acoplamiento rapido mecanico- PL.M<\/h6>\n\n        \n        \n    <\/a>\n\n    \n<\/li><\/ul>\n<\/div>[\/vc_column][\/vc_row][vc_row css_animation=\u00bb\u00bb row_type=\u00bbrow\u00bb use_row_as_full_screen_section=\u00bbno\u00bb type=\u00bbgrid\u00bb angled_section=\u00bbno\u00bb text_align=\u00bbleft\u00bb background_image_as_pattern=\u00bbwithout_pattern\u00bb z_index=\u00bb\u00bb][vc_column][vc_empty_space height=\u00bb100px\u00bb][\/vc_column][\/vc_row][vc_row css_animation=\u00bb\u00bb row_type=\u00bbrow\u00bb use_row_as_full_screen_section=\u00bbno\u00bb type=\u00bbfull_width\u00bb angled_section=\u00bbno\u00bb text_align=\u00bbcenter\u00bb background_image_as_pattern=\u00bbwithout_pattern\u00bb z_index=\u00bb\u00bb css=\u00bb.vc_custom_1648822505230{background-image: url(https:\/\/cosben-it.com\/wp-content\/uploads\/2022\/04\/Pre_footer-Desktop.webp?id=1165) !important;}\u00bb][vc_column][vc_empty_space height=\u00bb80px\u00bb][vc_column_text]<\/p>\n<h2 class = \"white\" style = \"text-align: center;\"> <span style = \"color: #f7f7f7;\"> \u00a1Cont\u00e1ctenos! <\/span> <\/h2>\n<p>[\/vc_column_text][vc_empty_space height=\u00bb15px\u00bb][vc_column_text]<\/p>\n<h3 style = \"text-align: center;\"> <span style = \"color: #f7f7f7;\"> \u00bfNecesita informaci\u00f3n? P\u00f3ngase en contacto con nosotros para obtener m\u00e1s informaci\u00f3n. <\/span> <\/h3>\n<p>[\/vc_column_text][vc_empty_space height=\u00bb40px\u00bb]<a  itemprop=\"url\" href=\"https:\/\/cosben-it.com\/es\/contactos\/\" target=\"_self\" data-hover-background-color='#009640' data-hover-border-color='#009640' data-hover-color='#ffffff' class=\"qbutton  default\" style=\"color: #0a0a0a; border-color: #ffffff; background-color: #ffffff;\">\u00a1Cont\u00e1ctenos!<\/a>[vc_empty_space height=\u00bb80px\u00bb][\/vc_column][\/vc_row]<\/p>\n","protected":false},"excerpt":{"rendered":"<p>[vc_row css_animation=\u00bb\u00bb row_type=\u00bbrow\u00bb use_row_as_full_screen_section=\u00bbno\u00bb type=\u00bbgrid\u00bb angled_section=\u00bbno\u00bb text_align=\u00bbleft\u00bb background_image_as_pattern=\u00bbwithout_pattern\u00bb z_index=\u00bb\u00bb][vc_column][vc_empty_space height=\u00bb50px\u00bb][\/vc_column][\/vc_row][vc_row css_animation=\u00bb\u00bb row_type=\u00bbrow\u00bb use_row_as_full_screen_section=\u00bbno\u00bb type=\u00bbgrid\u00bb angled_section=\u00bbno\u00bb text_align=\u00bbleft\u00bb background_image_as_pattern=\u00bbwithout_pattern\u00bb z_index=\u00bb\u00bb][vc_column][vc_empty_space height=\u00bb100px\u00bb][\/vc_column][\/vc_row][vc_row css_animation=\u00bb\u00bb row_type=\u00bbrow\u00bb use_row_as_full_screen_section=\u00bbno\u00bb type=\u00bbfull_width\u00bb angled_section=\u00bbno\u00bb text_align=\u00bbcenter\u00bb background_image_as_pattern=\u00bbwithout_pattern\u00bb z_index=\u00bb\u00bb css=\u00bb.vc_custom_1648822505230{background-image: url(https:\/\/cosben-it.com\/wp-content\/uploads\/2022\/04\/Pre_footer-Desktop.webp?id=1165) !important;}\u00bb][vc_column][vc_empty_space height=\u00bb80px\u00bb][vc_column_text] \u00a1Cont\u00e1ctenos! [\/vc_column_text][vc_empty_space height=\u00bb15px\u00bb][vc_column_text] \u00bfNecesita informaci\u00f3n? P\u00f3ngase en contacto con nosotros para obtener m\u00e1s informaci\u00f3n&#8230;.<\/p>\n","protected":false},"author":1,"featured_media":0,"parent":2826,"menu_order":0,"comment_status":"closed","ping_status":"closed","template":"full_width.php","meta":{"inline_featured_image":false,"footnotes":""},"class_list":["post-2833","page","type-page","status-publish","hentry"],"_links":{"self":[{"href":"https:\/\/cosben-it.com\/es\/wp-json\/wp\/v2\/pages\/2833","targetHints":{"allow":["GET"]}}],"collection":[{"href":"https:\/\/cosben-it.com\/es\/wp-json\/wp\/v2\/pages"}],"about":[{"href":"https:\/\/cosben-it.com\/es\/wp-json\/wp\/v2\/types\/page"}],"author":[{"embeddable":true,"href":"https:\/\/cosben-it.com\/es\/wp-json\/wp\/v2\/users\/1"}],"replies":[{"embeddable":true,"href":"https:\/\/cosben-it.com\/es\/wp-json\/wp\/v2\/comments?post=2833"}],"version-history":[{"count":7,"href":"https:\/\/cosben-it.com\/es\/wp-json\/wp\/v2\/pages\/2833\/revisions"}],"predecessor-version":[{"id":3472,"href":"https:\/\/cosben-it.com\/es\/wp-json\/wp\/v2\/pages\/2833\/revisions\/3472"}],"up":[{"embeddable":true,"href":"https:\/\/cosben-it.com\/es\/wp-json\/wp\/v2\/pages\/2826"}],"wp:attachment":[{"href":"https:\/\/cosben-it.com\/es\/wp-json\/wp\/v2\/media?parent=2833"}],"curies":[{"name":"wp","href":"https:\/\/api.w.org\/{rel}","templated":true}]}}