{"id":2672,"date":"2022-11-08T10:23:20","date_gmt":"2022-11-08T09:23:20","guid":{"rendered":"https:\/\/cosben-it.com\/equipement\/construction\/chargeuses-sur-pneus-pour-la-construction\/"},"modified":"2022-11-14T16:14:21","modified_gmt":"2022-11-14T15:14:21","slug":"chargeuses-sur-pneus-pour-la-construction","status":"publish","type":"page","link":"https:\/\/cosben-it.com\/fr\/equipement\/construction\/chargeuses-sur-pneus-pour-la-construction\/","title":{"rendered":"Chargeuses sur pneus pour la construction"},"content":{"rendered":"<p>[vc_row css_animation=\u00a0\u00bb\u00a0\u00bb row_type=\u00a0\u00bbrow\u00a0\u00bb use_row_as_full_screen_section=\u00a0\u00bbno\u00a0\u00bb type=\u00a0\u00bbgrid\u00a0\u00bb angled_section=\u00a0\u00bbno\u00a0\u00bb text_align=\u00a0\u00bbleft\u00a0\u00bb background_image_as_pattern=\u00a0\u00bbwithout_pattern\u00a0\u00bb z_index=\u00a0\u00bb\u00a0\u00bb][vc_column][vc_empty_space height=\u00a0\u00bb50px\u00a0\u00bb]<div class=\"woocommerce columns-4 \"><ul class=\"products\">\n\t<li class=\"product type-product post-3569 status-publish first instock product_cat-agriculture-fr product_cat-chargeuses-sur-pneus-pour-lagriculture product_cat-chargeuses-sur-pneus-pour-la-construction product_cat-chargeuses-sur-pneus-pour-le-secteur-forestier product_cat-chargeuses-sur-pneus-pour-mines product_cat-construction-fr product_cat-mine product_cat-secteur-forestier has-post-thumbnail shipping-taxable product-type-simple\">\n\t\t\n    <div class=\"top-product-section\">\n\n        <a itemprop=\"url\" href=\"https:\/\/cosben-it.com\/fr\/prodotti\/agriculture-fr\/chargeuses-sur-pneus-pour-lagriculture\/attache-rapide-hydraulique-ag-wl\/\" class=\"product-category\">\n            <span class=\"image-wrapper\">\n            <img loading=\"lazy\" decoding=\"async\" width=\"300\" height=\"300\" src=\"https:\/\/cosben-it.com\/wp-content\/uploads\/2022\/03\/Attacco-rapido-idraulico-AG-WL-300x300.webp\" class=\"attachment-woocommerce_thumbnail size-woocommerce_thumbnail\" alt=\"Attacco rapido idraulico per escavatori\" srcset=\"https:\/\/cosben-it.com\/wp-content\/uploads\/2022\/03\/Attacco-rapido-idraulico-AG-WL-300x300.webp 300w, https:\/\/cosben-it.com\/wp-content\/uploads\/2022\/03\/Attacco-rapido-idraulico-AG-WL-1024x1024.webp 1024w, https:\/\/cosben-it.com\/wp-content\/uploads\/2022\/03\/Attacco-rapido-idraulico-AG-WL-150x150.webp 150w, https:\/\/cosben-it.com\/wp-content\/uploads\/2022\/03\/Attacco-rapido-idraulico-AG-WL-768x768.webp 768w, https:\/\/cosben-it.com\/wp-content\/uploads\/2022\/03\/Attacco-rapido-idraulico-AG-WL-570x570.webp 570w, https:\/\/cosben-it.com\/wp-content\/uploads\/2022\/03\/Attacco-rapido-idraulico-AG-WL-500x500.webp 500w, https:\/\/cosben-it.com\/wp-content\/uploads\/2022\/03\/Attacco-rapido-idraulico-AG-WL-1000x1000.webp 1000w, https:\/\/cosben-it.com\/wp-content\/uploads\/2022\/03\/Attacco-rapido-idraulico-AG-WL-700x700.webp 700w, https:\/\/cosben-it.com\/wp-content\/uploads\/2022\/03\/Attacco-rapido-idraulico-AG-WL-600x600.webp 600w, https:\/\/cosben-it.com\/wp-content\/uploads\/2022\/03\/Attacco-rapido-idraulico-AG-WL-100x100.webp 100w, https:\/\/cosben-it.com\/wp-content\/uploads\/2022\/03\/Attacco-rapido-idraulico-AG-WL.webp 1080w\" sizes=\"auto, (max-width: 300px) 100vw, 300px\" \/>            <\/span>\n        <\/a>\n\n\t\t\n    <\/div>\n        <a itemprop=\"url\" href=\"https:\/\/cosben-it.com\/fr\/prodotti\/agriculture-fr\/chargeuses-sur-pneus-pour-lagriculture\/attache-rapide-hydraulique-ag-wl\/\" class=\"product-category product-info\">\n        <h6 itemprop=\"name\">Attache rapide hydraulique &#8211; AG &#8211; WL<\/h6>\n\n        \n        \n    <\/a>\n\n    \n<\/li>\n\t<li class=\"product type-product post-3579 status-publish instock product_cat-chargeuses-sur-pneus-pour-la-construction product_cat-construction-fr product_cat-telescopique-pour-la-construction has-post-thumbnail shipping-taxable product-type-simple\">\n\t\t\n    <div class=\"top-product-section\">\n\n        <a itemprop=\"url\" href=\"https:\/\/cosben-it.com\/fr\/prodotti\/construction-fr\/chargeuses-sur-pneus-pour-la-construction\/cadre-de-fourche-a-palette-fl\/\" class=\"product-category\">\n            <span class=\"image-wrapper\">\n            <img loading=\"lazy\" decoding=\"async\" width=\"300\" height=\"300\" src=\"https:\/\/cosben-it.com\/wp-content\/uploads\/2022\/03\/Telaio-forche-pallet-FL-300x300.webp\" class=\"attachment-woocommerce_thumbnail size-woocommerce_thumbnail\" alt=\"Telaio forche pallet\" srcset=\"https:\/\/cosben-it.com\/wp-content\/uploads\/2022\/03\/Telaio-forche-pallet-FL-300x300.webp 300w, https:\/\/cosben-it.com\/wp-content\/uploads\/2022\/03\/Telaio-forche-pallet-FL-1024x1024.webp 1024w, https:\/\/cosben-it.com\/wp-content\/uploads\/2022\/03\/Telaio-forche-pallet-FL-150x150.webp 150w, https:\/\/cosben-it.com\/wp-content\/uploads\/2022\/03\/Telaio-forche-pallet-FL-768x768.webp 768w, https:\/\/cosben-it.com\/wp-content\/uploads\/2022\/03\/Telaio-forche-pallet-FL-570x570.webp 570w, https:\/\/cosben-it.com\/wp-content\/uploads\/2022\/03\/Telaio-forche-pallet-FL-500x500.webp 500w, https:\/\/cosben-it.com\/wp-content\/uploads\/2022\/03\/Telaio-forche-pallet-FL-1000x1000.webp 1000w, https:\/\/cosben-it.com\/wp-content\/uploads\/2022\/03\/Telaio-forche-pallet-FL-700x700.webp 700w, https:\/\/cosben-it.com\/wp-content\/uploads\/2022\/03\/Telaio-forche-pallet-FL-600x600.webp 600w, https:\/\/cosben-it.com\/wp-content\/uploads\/2022\/03\/Telaio-forche-pallet-FL-100x100.webp 100w, https:\/\/cosben-it.com\/wp-content\/uploads\/2022\/03\/Telaio-forche-pallet-FL.webp 1080w\" sizes=\"auto, (max-width: 300px) 100vw, 300px\" \/>            <\/span>\n        <\/a>\n\n\t\t\n    <\/div>\n        <a itemprop=\"url\" href=\"https:\/\/cosben-it.com\/fr\/prodotti\/construction-fr\/chargeuses-sur-pneus-pour-la-construction\/cadre-de-fourche-a-palette-fl\/\" class=\"product-category product-info\">\n        <h6 itemprop=\"name\">Cadre de fourche \u00e0 palette &#8211; FL<\/h6>\n\n        \n        \n    <\/a>\n\n    \n<\/li>\n\t<li class=\"product type-product post-3568 status-publish instock product_cat-agriculture-fr product_cat-chargeuses-sur-pneus-pour-lagriculture product_cat-chargeuses-sur-pneus-pour-la-construction product_cat-construction-fr has-post-thumbnail shipping-taxable product-type-simple\">\n\t\t\n    <div class=\"top-product-section\">\n\n        <a itemprop=\"url\" href=\"https:\/\/cosben-it.com\/fr\/prodotti\/agriculture-fr\/chargeuses-sur-pneus-pour-lagriculture\/godet-a-usage-general-wl\/\" class=\"product-category\">\n            <span class=\"image-wrapper\">\n            <img loading=\"lazy\" decoding=\"async\" width=\"300\" height=\"300\" src=\"https:\/\/cosben-it.com\/wp-content\/uploads\/2022\/03\/Benna-impieghi-generali-WL-300x300.webp\" class=\"attachment-woocommerce_thumbnail size-woocommerce_thumbnail\" alt=\"Benna impieghi generali per escavatori\" srcset=\"https:\/\/cosben-it.com\/wp-content\/uploads\/2022\/03\/Benna-impieghi-generali-WL-300x300.webp 300w, https:\/\/cosben-it.com\/wp-content\/uploads\/2022\/03\/Benna-impieghi-generali-WL-1024x1024.webp 1024w, https:\/\/cosben-it.com\/wp-content\/uploads\/2022\/03\/Benna-impieghi-generali-WL-150x150.webp 150w, https:\/\/cosben-it.com\/wp-content\/uploads\/2022\/03\/Benna-impieghi-generali-WL-768x768.webp 768w, https:\/\/cosben-it.com\/wp-content\/uploads\/2022\/03\/Benna-impieghi-generali-WL-570x570.webp 570w, https:\/\/cosben-it.com\/wp-content\/uploads\/2022\/03\/Benna-impieghi-generali-WL-500x500.webp 500w, https:\/\/cosben-it.com\/wp-content\/uploads\/2022\/03\/Benna-impieghi-generali-WL-1000x1000.webp 1000w, https:\/\/cosben-it.com\/wp-content\/uploads\/2022\/03\/Benna-impieghi-generali-WL-700x700.webp 700w, https:\/\/cosben-it.com\/wp-content\/uploads\/2022\/03\/Benna-impieghi-generali-WL-600x600.webp 600w, https:\/\/cosben-it.com\/wp-content\/uploads\/2022\/03\/Benna-impieghi-generali-WL-100x100.webp 100w, https:\/\/cosben-it.com\/wp-content\/uploads\/2022\/03\/Benna-impieghi-generali-WL.webp 1080w\" sizes=\"auto, (max-width: 300px) 100vw, 300px\" \/>            <\/span>\n        <\/a>\n\n\t\t\n    <\/div>\n        <a itemprop=\"url\" href=\"https:\/\/cosben-it.com\/fr\/prodotti\/agriculture-fr\/chargeuses-sur-pneus-pour-lagriculture\/godet-a-usage-general-wl\/\" class=\"product-category product-info\">\n        <h6 itemprop=\"name\">Godet \u00e0 usage g\u00e9n\u00e9ral &#8211; WL<\/h6>\n\n        \n        \n    <\/a>\n\n    \n<\/li>\n\t<li class=\"product type-product post-3578 status-publish last instock product_cat-agriculture-fr product_cat-chargeuses-sur-pneus-pour-lagriculture product_cat-chargeuses-sur-pneus-pour-la-construction product_cat-construction-fr product_cat-telescopique-pour-lagriculture product_cat-telescopique-pour-la-construction has-post-thumbnail shipping-taxable product-type-simple\">\n\t\t\n    <div class=\"top-product-section\">\n\n        <a itemprop=\"url\" href=\"https:\/\/cosben-it.com\/fr\/prodotti\/agriculture-fr\/chargeuses-sur-pneus-pour-lagriculture\/godet-avec-grappin-bg\/\" class=\"product-category\">\n            <span class=\"image-wrapper\">\n            <img loading=\"lazy\" decoding=\"async\" width=\"300\" height=\"300\" src=\"https:\/\/cosben-it.com\/wp-content\/uploads\/2022\/03\/Benna-con-griffa-GB--300x300.webp\" class=\"attachment-woocommerce_thumbnail size-woocommerce_thumbnail\" alt=\"Benna con griffa\" srcset=\"https:\/\/cosben-it.com\/wp-content\/uploads\/2022\/03\/Benna-con-griffa-GB--300x300.webp 300w, https:\/\/cosben-it.com\/wp-content\/uploads\/2022\/03\/Benna-con-griffa-GB--1024x1024.webp 1024w, https:\/\/cosben-it.com\/wp-content\/uploads\/2022\/03\/Benna-con-griffa-GB--150x150.webp 150w, https:\/\/cosben-it.com\/wp-content\/uploads\/2022\/03\/Benna-con-griffa-GB--768x768.webp 768w, https:\/\/cosben-it.com\/wp-content\/uploads\/2022\/03\/Benna-con-griffa-GB--570x570.webp 570w, https:\/\/cosben-it.com\/wp-content\/uploads\/2022\/03\/Benna-con-griffa-GB--500x500.webp 500w, https:\/\/cosben-it.com\/wp-content\/uploads\/2022\/03\/Benna-con-griffa-GB--1000x1000.webp 1000w, https:\/\/cosben-it.com\/wp-content\/uploads\/2022\/03\/Benna-con-griffa-GB--700x700.webp 700w, https:\/\/cosben-it.com\/wp-content\/uploads\/2022\/03\/Benna-con-griffa-GB--600x600.webp 600w, https:\/\/cosben-it.com\/wp-content\/uploads\/2022\/03\/Benna-con-griffa-GB--100x100.webp 100w, https:\/\/cosben-it.com\/wp-content\/uploads\/2022\/03\/Benna-con-griffa-GB-.webp 1080w\" sizes=\"auto, (max-width: 300px) 100vw, 300px\" \/>            <\/span>\n        <\/a>\n\n\t\t\n    <\/div>\n        <a itemprop=\"url\" href=\"https:\/\/cosben-it.com\/fr\/prodotti\/agriculture-fr\/chargeuses-sur-pneus-pour-lagriculture\/godet-avec-grappin-bg\/\" class=\"product-category product-info\">\n        <h6 itemprop=\"name\">Godet avec grappin &#8211; BG<\/h6>\n\n        \n        \n    <\/a>\n\n    \n<\/li>\n\t<li class=\"product type-product post-3583 status-publish first instock product_cat-agriculture-fr product_cat-chargeuses-sur-pneus-pour-lagriculture product_cat-chargeuses-sur-pneus-pour-la-construction product_cat-construction-fr product_cat-telescopique-pour-lagriculture product_cat-telescopique-pour-la-construction has-post-thumbnail shipping-taxable product-type-simple\">\n\t\t\n    <div class=\"top-product-section\">\n\n        <a itemprop=\"url\" href=\"https:\/\/cosben-it.com\/fr\/prodotti\/agriculture-fr\/chargeuses-sur-pneus-pour-lagriculture\/godet-multi-usages-4-en-1-mb\/\" class=\"product-category\">\n            <span class=\"image-wrapper\">\n            <img loading=\"lazy\" decoding=\"async\" width=\"300\" height=\"300\" src=\"https:\/\/cosben-it.com\/wp-content\/uploads\/2022\/03\/Benna-multifunzione-4-in-1-MB-300x300.webp\" class=\"attachment-woocommerce_thumbnail size-woocommerce_thumbnail\" alt=\"Benna multifunzione 4 in 1\" srcset=\"https:\/\/cosben-it.com\/wp-content\/uploads\/2022\/03\/Benna-multifunzione-4-in-1-MB-300x300.webp 300w, https:\/\/cosben-it.com\/wp-content\/uploads\/2022\/03\/Benna-multifunzione-4-in-1-MB-1024x1024.webp 1024w, https:\/\/cosben-it.com\/wp-content\/uploads\/2022\/03\/Benna-multifunzione-4-in-1-MB-150x150.webp 150w, https:\/\/cosben-it.com\/wp-content\/uploads\/2022\/03\/Benna-multifunzione-4-in-1-MB-768x768.webp 768w, https:\/\/cosben-it.com\/wp-content\/uploads\/2022\/03\/Benna-multifunzione-4-in-1-MB-570x570.webp 570w, https:\/\/cosben-it.com\/wp-content\/uploads\/2022\/03\/Benna-multifunzione-4-in-1-MB-500x500.webp 500w, https:\/\/cosben-it.com\/wp-content\/uploads\/2022\/03\/Benna-multifunzione-4-in-1-MB-1000x1000.webp 1000w, https:\/\/cosben-it.com\/wp-content\/uploads\/2022\/03\/Benna-multifunzione-4-in-1-MB-700x700.webp 700w, https:\/\/cosben-it.com\/wp-content\/uploads\/2022\/03\/Benna-multifunzione-4-in-1-MB-600x600.webp 600w, https:\/\/cosben-it.com\/wp-content\/uploads\/2022\/03\/Benna-multifunzione-4-in-1-MB-100x100.webp 100w, https:\/\/cosben-it.com\/wp-content\/uploads\/2022\/03\/Benna-multifunzione-4-in-1-MB.webp 1080w\" sizes=\"auto, (max-width: 300px) 100vw, 300px\" \/>            <\/span>\n        <\/a>\n\n\t\t\n    <\/div>\n        <a itemprop=\"url\" href=\"https:\/\/cosben-it.com\/fr\/prodotti\/agriculture-fr\/chargeuses-sur-pneus-pour-lagriculture\/godet-multi-usages-4-en-1-mb\/\" class=\"product-category product-info\">\n        <h6 itemprop=\"name\">Godet multi-usages 4 en 1 &#8211; MB<\/h6>\n\n        \n        \n    <\/a>\n\n    \n<\/li>\n\t<li class=\"product type-product post-3567 status-publish instock product_cat-agriculture-fr product_cat-chargeuses-sur-pneus-pour-lagriculture product_cat-chargeuses-sur-pneus-pour-la-construction product_cat-construction-fr has-post-thumbnail shipping-taxable product-type-simple\">\n\t\t\n    <div class=\"top-product-section\">\n\n        <a itemprop=\"url\" href=\"https:\/\/cosben-it.com\/fr\/prodotti\/agriculture-fr\/chargeuses-sur-pneus-pour-lagriculture\/godet-pour-manipulation-du-materiel-wl\/\" class=\"product-category\">\n            <span class=\"image-wrapper\">\n            <img loading=\"lazy\" decoding=\"async\" width=\"300\" height=\"300\" src=\"https:\/\/cosben-it.com\/wp-content\/uploads\/2022\/03\/Benna-movimentazione-materiale-WL-300x300.webp\" class=\"attachment-woocommerce_thumbnail size-woocommerce_thumbnail\" alt=\"Benna-movimentazione-materiale \" srcset=\"https:\/\/cosben-it.com\/wp-content\/uploads\/2022\/03\/Benna-movimentazione-materiale-WL-300x300.webp 300w, https:\/\/cosben-it.com\/wp-content\/uploads\/2022\/03\/Benna-movimentazione-materiale-WL-1024x1024.webp 1024w, https:\/\/cosben-it.com\/wp-content\/uploads\/2022\/03\/Benna-movimentazione-materiale-WL-150x150.webp 150w, https:\/\/cosben-it.com\/wp-content\/uploads\/2022\/03\/Benna-movimentazione-materiale-WL-768x768.webp 768w, https:\/\/cosben-it.com\/wp-content\/uploads\/2022\/03\/Benna-movimentazione-materiale-WL-570x570.webp 570w, https:\/\/cosben-it.com\/wp-content\/uploads\/2022\/03\/Benna-movimentazione-materiale-WL-500x500.webp 500w, https:\/\/cosben-it.com\/wp-content\/uploads\/2022\/03\/Benna-movimentazione-materiale-WL-1000x1000.webp 1000w, https:\/\/cosben-it.com\/wp-content\/uploads\/2022\/03\/Benna-movimentazione-materiale-WL-700x700.webp 700w, https:\/\/cosben-it.com\/wp-content\/uploads\/2022\/03\/Benna-movimentazione-materiale-WL-600x600.webp 600w, https:\/\/cosben-it.com\/wp-content\/uploads\/2022\/03\/Benna-movimentazione-materiale-WL-100x100.webp 100w, https:\/\/cosben-it.com\/wp-content\/uploads\/2022\/03\/Benna-movimentazione-materiale-WL.webp 1080w\" sizes=\"auto, (max-width: 300px) 100vw, 300px\" \/>            <\/span>\n        <\/a>\n\n\t\t\n    <\/div>\n        <a itemprop=\"url\" href=\"https:\/\/cosben-it.com\/fr\/prodotti\/agriculture-fr\/chargeuses-sur-pneus-pour-lagriculture\/godet-pour-manipulation-du-materiel-wl\/\" class=\"product-category product-info\">\n        <h6 itemprop=\"name\">Godet pour manipulation du mat\u00e9riel &#8211; WL<\/h6>\n\n        \n        \n    <\/a>\n\n    \n<\/li><\/ul>\n<\/div>[\/vc_column][\/vc_row][vc_row css_animation=\u00a0\u00bb\u00a0\u00bb row_type=\u00a0\u00bbrow\u00a0\u00bb use_row_as_full_screen_section=\u00a0\u00bbno\u00a0\u00bb type=\u00a0\u00bbgrid\u00a0\u00bb angled_section=\u00a0\u00bbno\u00a0\u00bb text_align=\u00a0\u00bbleft\u00a0\u00bb background_image_as_pattern=\u00a0\u00bbwithout_pattern\u00a0\u00bb z_index=\u00a0\u00bb\u00a0\u00bb][vc_column][vc_empty_space height=\u00a0\u00bb100px\u00a0\u00bb][\/vc_column][\/vc_row][vc_row css_animation=\u00a0\u00bb\u00a0\u00bb row_type=\u00a0\u00bbrow\u00a0\u00bb use_row_as_full_screen_section=\u00a0\u00bbno\u00a0\u00bb type=\u00a0\u00bbfull_width\u00a0\u00bb angled_section=\u00a0\u00bbno\u00a0\u00bb text_align=\u00a0\u00bbcenter\u00a0\u00bb background_image_as_pattern=\u00a0\u00bbwithout_pattern\u00a0\u00bb z_index=\u00a0\u00bb\u00a0\u00bb css=\u00a0\u00bb.vc_custom_1648822505230{background-image: url(https:\/\/cosben-it.com\/wp-content\/uploads\/2022\/04\/Pre_footer-Desktop.webp?id=1165) !important;}\u00a0\u00bb][vc_column][vc_empty_space height=\u00a0\u00bb80px\u00a0\u00bb][vc_column_text]<\/p>\n<h2 class = \"white\" style = \"text-align: center;\"> <span style = \"color: #f7f7f7;\"> Contactez-nous ! <\/span> <\/h2>\n<p>[\/vc_column_text][vc_empty_space height=\u00a0\u00bb15px\u00a0\u00bb][vc_column_text]<\/p>\n<h3 style = \"text-align: center;\"> <span style = \"color: #f7f7f7;\"> Avez-vous besoin d&rsquo;informations ? Contactez-nous pour en savoir plus. <\/span> <\/h3>\n<p>[\/vc_column_text][vc_empty_space height=\u00a0\u00bb40px\u00a0\u00bb]<a  itemprop=\"url\" href=\"https:\/\/cosben-it.com\/fr\/contacts\/\" target=\"_self\" data-hover-background-color='#009640' data-hover-border-color='#009640' data-hover-color='#ffffff' class=\"qbutton  default\" style=\"color: #0a0a0a; border-color: #ffffff; background-color: #ffffff;\">Contactez-nous!<\/a>[vc_empty_space height=\u00a0\u00bb80px\u00a0\u00bb][\/vc_column][\/vc_row]<\/p>\n","protected":false},"excerpt":{"rendered":"<p>[vc_row css_animation=\u00a0\u00bb\u00a0\u00bb row_type=\u00a0\u00bbrow\u00a0\u00bb use_row_as_full_screen_section=\u00a0\u00bbno\u00a0\u00bb type=\u00a0\u00bbgrid\u00a0\u00bb angled_section=\u00a0\u00bbno\u00a0\u00bb text_align=\u00a0\u00bbleft\u00a0\u00bb background_image_as_pattern=\u00a0\u00bbwithout_pattern\u00a0\u00bb z_index=\u00a0\u00bb\u00a0\u00bb][vc_column][vc_empty_space height=\u00a0\u00bb50px\u00a0\u00bb][\/vc_column][\/vc_row][vc_row css_animation=\u00a0\u00bb\u00a0\u00bb row_type=\u00a0\u00bbrow\u00a0\u00bb use_row_as_full_screen_section=\u00a0\u00bbno\u00a0\u00bb type=\u00a0\u00bbgrid\u00a0\u00bb angled_section=\u00a0\u00bbno\u00a0\u00bb text_align=\u00a0\u00bbleft\u00a0\u00bb background_image_as_pattern=\u00a0\u00bbwithout_pattern\u00a0\u00bb z_index=\u00a0\u00bb\u00a0\u00bb][vc_column][vc_empty_space height=\u00a0\u00bb100px\u00a0\u00bb][\/vc_column][\/vc_row][vc_row css_animation=\u00a0\u00bb\u00a0\u00bb row_type=\u00a0\u00bbrow\u00a0\u00bb use_row_as_full_screen_section=\u00a0\u00bbno\u00a0\u00bb type=\u00a0\u00bbfull_width\u00a0\u00bb angled_section=\u00a0\u00bbno\u00a0\u00bb text_align=\u00a0\u00bbcenter\u00a0\u00bb background_image_as_pattern=\u00a0\u00bbwithout_pattern\u00a0\u00bb z_index=\u00a0\u00bb\u00a0\u00bb css=\u00a0\u00bb.vc_custom_1648822505230{background-image: url(https:\/\/cosben-it.com\/wp-content\/uploads\/2022\/04\/Pre_footer-Desktop.webp?id=1165) !important;}\u00a0\u00bb][vc_column][vc_empty_space height=\u00a0\u00bb80px\u00a0\u00bb][vc_column_text] Contactez-nous ! [\/vc_column_text][vc_empty_space height=\u00a0\u00bb15px\u00a0\u00bb][vc_column_text] Avez-vous besoin d&rsquo;informations ? Contactez-nous pour en savoir plus. [\/vc_column_text][vc_empty_space&#8230;<\/p>\n","protected":false},"author":1,"featured_media":0,"parent":2668,"menu_order":0,"comment_status":"closed","ping_status":"closed","template":"full_width.php","meta":{"inline_featured_image":false,"footnotes":""},"class_list":["post-2672","page","type-page","status-publish","hentry"],"_links":{"self":[{"href":"https:\/\/cosben-it.com\/fr\/wp-json\/wp\/v2\/pages\/2672","targetHints":{"allow":["GET"]}}],"collection":[{"href":"https:\/\/cosben-it.com\/fr\/wp-json\/wp\/v2\/pages"}],"about":[{"href":"https:\/\/cosben-it.com\/fr\/wp-json\/wp\/v2\/types\/page"}],"author":[{"embeddable":true,"href":"https:\/\/cosben-it.com\/fr\/wp-json\/wp\/v2\/users\/1"}],"replies":[{"embeddable":true,"href":"https:\/\/cosben-it.com\/fr\/wp-json\/wp\/v2\/comments?post=2672"}],"version-history":[{"count":13,"href":"https:\/\/cosben-it.com\/fr\/wp-json\/wp\/v2\/pages\/2672\/revisions"}],"predecessor-version":[{"id":3513,"href":"https:\/\/cosben-it.com\/fr\/wp-json\/wp\/v2\/pages\/2672\/revisions\/3513"}],"up":[{"embeddable":true,"href":"https:\/\/cosben-it.com\/fr\/wp-json\/wp\/v2\/pages\/2668"}],"wp:attachment":[{"href":"https:\/\/cosben-it.com\/fr\/wp-json\/wp\/v2\/media?parent=2672"}],"curies":[{"name":"wp","href":"https:\/\/api.w.org\/{rel}","templated":true}]}}