{"id":3559,"date":"2022-11-29T15:18:13","date_gmt":"2022-11-29T14:18:13","guid":{"rendered":"https:\/\/cosben-it.com\/product-category\/category-name\/godet-vibrant-vb\/"},"modified":"2023-07-12T15:40:04","modified_gmt":"2023-07-12T14:40:04","slug":"godet-vibrant-vb","status":"publish","type":"product","link":"https:\/\/cosben-it.com\/fr\/prodotti\/construction-fr\/pelles-pour-la-construction-fr\/godet-vibrant-vb\/","title":{"rendered":"Godet Vibrant &#8211; VB"},"content":{"rendered":"","protected":false},"excerpt":{"rendered":"<h3>Godet Vibrant<\/h3>\n<p>&nbsp;<\/p>\n<div class=\"page\" title=\"Page 3\">\n<div class=\"section\">\n<div class=\"layoutArea\">\n<div class=\"column\">\n<div class=\"page\" title=\"Page 3\">\n<div class=\"section\">\n<div class=\"layoutArea\">\n<div class=\"column\">\n<div class=\"page\" title=\"Page 3\">\n<div class=\"section\">\n<div class=\"layoutArea\">\n<div class=\"column\">\n<div class=\"page\" title=\"Page 3\">\n<div class=\"section\">\n<div class=\"layoutArea\">\n<div class=\"column\">\n<div class=\"page\" title=\"Page 3\">\n<div class=\"section\">\n<div class=\"layoutArea\">\n<div class=\"column\">\n<div class=\"page\" title=\"Page 3\">\n<div class=\"section\">\n<div class=\"layoutArea\">\n<div class=\"column\">\n<div class=\"page\" title=\"Page 3\">\n<div class=\"section\">\n<div class=\"layoutArea\">\n<div class=\"column\">\n<div class=\"page\" title=\"Page 3\">\n<div class=\"section\">\n<div class=\"layoutArea\">\n<div class=\"column\">\n<div class=\"page\" title=\"Page 4\">\n<div class=\"section\">\n<div class=\"layoutArea\">\n<div class=\"column\">\n<p>Le godet vibrant convient aux pelles de 18 \u00e0 25 tonnes. Disponible avec diff\u00e9rentes largeurs et diff\u00e9rentes dimensions de \u00ab\u00a0squelette\u00a0\u00bb. Le godet vibrant est <strong>puissant et facile \u00e0 utiliser<\/strong> dans le tri pour une productivit\u00e9 maximale lors du creusement du perg\u00e9lisol, des sols durs, de la roche, du gravier, du compactage du sol dans les tranch\u00e9es, des applications de fondation ou de pente et des mat\u00e9riaux de d\u00e9molition pour le recyclage. La conception optimis\u00e9e pour creuser en fonction de la direction des vibrations qui permet des <strong>performances maximales<\/strong>. Il est enti\u00e8rement r\u00e9alis\u00e9 en acier hautement r\u00e9sistant \u00e0 l&rsquo;usure.<\/p>\n<p>&nbsp;<\/p>\n<\/div>\n<\/div>\n<\/div>\n<\/div>\n<\/div>\n<\/div>\n<\/div>\n<\/div>\n<\/div>\n<\/div>\n<\/div>\n<\/div>\n<\/div>\n<\/div>\n<\/div>\n<\/div>\n<\/div>\n<\/div>\n<\/div>\n<\/div>\n<\/div>\n<\/div>\n<\/div>\n<\/div>\n<\/div>\n<\/div>\n<\/div>\n<\/div>\n<\/div>\n<\/div>\n<\/div>\n<\/div>\n<\/div>\n<\/div>\n<\/div>\n<\/div>\n<p><a href=\"https:\/\/cosben-it.com\/wp-content\/uploads\/2023\/07\/Vibro-Bucket-VB_FR.pdf\" target=\"_blank\" rel=\"noopener\">Voir le catalogue<\/a><\/p>\n<p><a href=\"https:\/\/cosben-it.com\/wp-content\/uploads\/2022\/04\/Brochure-FR.pdf\" target=\"_blank\" rel=\"noopener\">Consulter le catalogue g\u00e9n\u00e9ral<\/a><\/p>\n<p>&nbsp;<\/p>\n<p>&nbsp;<\/p>\n[button icon_pack=\"linea_icons\" linea_icon=\"icon-arrows-right\" target=\"_self\" hover_type=\"default\" text_align=\"left\" text=\"Demandez un devis\" link=\"https:\/\/cosben-it.com\/fr\/contacts\/\"]\n","protected":false},"featured_media":1798,"template":"","meta":{"inline_featured_image":false},"product_brand":[],"product_cat":[102,104],"product_tag":[],"class_list":{"0":"post-3559","1":"product","2":"type-product","3":"status-publish","4":"has-post-thumbnail","6":"product_cat-construction-fr","7":"product_cat-pelles-pour-la-construction-fr","9":"first","10":"instock","11":"shipping-taxable","12":"product-type-simple"},"_links":{"self":[{"href":"https:\/\/cosben-it.com\/fr\/wp-json\/wp\/v2\/product\/3559","targetHints":{"allow":["GET"]}}],"collection":[{"href":"https:\/\/cosben-it.com\/fr\/wp-json\/wp\/v2\/product"}],"about":[{"href":"https:\/\/cosben-it.com\/fr\/wp-json\/wp\/v2\/types\/product"}],"wp:featuredmedia":[{"embeddable":true,"href":"https:\/\/cosben-it.com\/fr\/wp-json\/wp\/v2\/media\/1798"}],"wp:attachment":[{"href":"https:\/\/cosben-it.com\/fr\/wp-json\/wp\/v2\/media?parent=3559"}],"wp:term":[{"taxonomy":"product_brand","embeddable":true,"href":"https:\/\/cosben-it.com\/fr\/wp-json\/wp\/v2\/product_brand?post=3559"},{"taxonomy":"product_cat","embeddable":true,"href":"https:\/\/cosben-it.com\/fr\/wp-json\/wp\/v2\/product_cat?post=3559"},{"taxonomy":"product_tag","embeddable":true,"href":"https:\/\/cosben-it.com\/fr\/wp-json\/wp\/v2\/product_tag?post=3559"}],"curies":[{"name":"wp","href":"https:\/\/api.w.org\/{rel}","templated":true}]}}