{"id":3585,"date":"2022-12-01T16:06:18","date_gmt":"2022-12-01T15:06:18","guid":{"rendered":"https:\/\/cosben-it.com\/prodotto\/non%20class\u00e9\/godet-de-manutention-gp\/"},"modified":"2022-12-11T17:15:45","modified_gmt":"2022-12-11T16:15:45","slug":"godet-de-manutention-gp","status":"publish","type":"product","link":"https:\/\/cosben-it.com\/fr\/prodotti\/agriculture-fr\/telescopique-pour-lagriculture\/godet-de-manutention-gp\/","title":{"rendered":"Godet de manutention &#8211; GP"},"content":{"rendered":"","protected":false},"excerpt":{"rendered":"<h3>Godet de manutention<\/h3>\n<p>&nbsp;<\/p>\n<div class=\"page\" title=\"Page 3\">\n<div class=\"section\">\n<div class=\"layoutArea\">\n<div class=\"column\">\n<div class=\"page\" title=\"Page 3\">\n<div class=\"section\">\n<div class=\"layoutArea\">\n<div class=\"column\">\n<div class=\"page\" title=\"Page 3\">\n<div class=\"section\">\n<div class=\"layoutArea\">\n<div class=\"column\">\n<div class=\"page\" title=\"Page 3\">\n<div class=\"section\">\n<div class=\"layoutArea\">\n<div class=\"column\">\n<div class=\"page\" title=\"Page 3\">\n<div class=\"section\">\n<div class=\"layoutArea\">\n<div class=\"column\">\n<div class=\"page\" title=\"Page 3\">\n<div class=\"section\">\n<div class=\"layoutArea\">\n<div class=\"column\">\n<div class=\"page\" title=\"Page 3\">\n<div class=\"section\">\n<div class=\"layoutArea\">\n<div class=\"column\">\n<div class=\"page\" title=\"Page 3\">\n<div class=\"section\">\n<div class=\"layoutArea\">\n<div class=\"column\">\n<div class=\"page\" title=\"Page 4\">\n<div class=\"section\">\n<div class=\"layoutArea\">\n<div class=\"column\">\n<div class=\"page\" title=\"Page 4\">\n<div class=\"section\">\n<div class=\"layoutArea\">\n<div class=\"column\">\n<div class=\"page\" title=\"Page 4\">\n<div class=\"section\">\n<div class=\"layoutArea\">\n<div class=\"column\">\n<div class=\"page\" title=\"Page 4\">\n<div class=\"section\">\n<div class=\"layoutArea\">\n<div class=\"column\">\n<div class=\"page\" title=\"Page 4\">\n<div class=\"section\">\n<div class=\"layoutArea\">\n<div class=\"column\">\n<div class=\"page\" title=\"Page 4\">\n<div class=\"section\">\n<div class=\"layoutArea\">\n<div class=\"column\">\n<div class=\"page\" title=\"Page 4\">\n<div class=\"section\">\n<div class=\"layoutArea\">\n<div class=\"column\">\n<div class=\"page\" title=\"Page 4\">\n<div class=\"section\">\n<div class=\"layoutArea\">\n<div class=\"column\">\n<div class=\"page\" title=\"Page 5\">\n<div class=\"section\">\n<div class=\"layoutArea\">\n<div class=\"column\">\n<div class=\"page\" title=\"Page 5\">\n<div class=\"section\">\n<div class=\"layoutArea\">\n<div class=\"column\">\n<div class=\"page\" title=\"Page 5\">\n<div class=\"section\">\n<div class=\"layoutArea\">\n<div class=\"column\">\n<div class=\"page\" title=\"Page 6\">\n<div class=\"section\">\n<div class=\"layoutArea\">\n<div class=\"column\">\n<p><strong>Le godet le plus utilis\u00e9e et la plus polyvalente, elle est disponible en diff\u00e9rentes largeurs et capacit\u00e9s.<\/strong> Elle est disponible avec lame et protection de lame pour une libert\u00e9 de mouvement sur la route. En option, il peut \u00eatre fourni avec un prot\u00e8ge-lame boulonn\u00e9. Il est destin\u00e9 \u00e0 la manutention de mat\u00e9riaux l\u00e9gers \u00e0 moyens.<\/p>\n<\/div>\n<p><strong>Disponibile anche con i denti.<\/strong><\/p>\n<\/div>\n<\/div>\n<\/div>\n<\/div>\n<\/div>\n<\/div>\n<\/div>\n<\/div>\n<\/div>\n<\/div>\n<\/div>\n<\/div>\n<\/div>\n<\/div>\n<\/div>\n<\/div>\n<\/div>\n<\/div>\n<\/div>\n<\/div>\n<\/div>\n<\/div>\n<\/div>\n<\/div>\n<\/div>\n<\/div>\n<\/div>\n<\/div>\n<\/div>\n<\/div>\n<\/div>\n<\/div>\n<\/div>\n<\/div>\n<\/div>\n<\/div>\n<\/div>\n<\/div>\n<\/div>\n<\/div>\n<\/div>\n<\/div>\n<\/div>\n<\/div>\n<\/div>\n<\/div>\n<\/div>\n<\/div>\n<\/div>\n<\/div>\n<\/div>\n<\/div>\n<\/div>\n<\/div>\n<\/div>\n<\/div>\n<\/div>\n<\/div>\n<\/div>\n<\/div>\n<\/div>\n<\/div>\n<\/div>\n<\/div>\n<\/div>\n<\/div>\n<\/div>\n<\/div>\n<\/div>\n<\/div>\n<\/div>\n<\/div>\n<\/div>\n<\/div>\n<\/div>\n<\/div>\n<\/div>\n<\/div>\n<\/div>\n<p>&nbsp;<\/p>\n<p><a href=\"https:\/\/cosben-it.com\/wp-content\/uploads\/2022\/04\/Brochure-FR.pdf\" target=\"_blank\" rel=\"noopener\">Consulter le catalogue g\u00e9n\u00e9ral<\/a><\/p>\n<p>&nbsp;<\/p>\n<p>&nbsp;<\/p>\n[button icon_pack=\"linea_icons\" linea_icon=\"icon-arrows-right\" target=\"_self\" hover_type=\"default\" text_align=\"left\" text=\"Demandez un devis\" link=\"https:\/\/cosben-it.com\/fr\/contacts\/\"]\n","protected":false},"featured_media":1993,"template":"","meta":{"inline_featured_image":false},"product_brand":[],"product_cat":[99,102,101,105],"product_tag":[],"class_list":{"0":"post-3585","1":"product","2":"type-product","3":"status-publish","4":"has-post-thumbnail","6":"product_cat-agriculture-fr","7":"product_cat-construction-fr","8":"product_cat-telescopique-pour-lagriculture","9":"product_cat-telescopique-pour-la-construction","11":"first","12":"instock","13":"shipping-taxable","14":"product-type-simple"},"_links":{"self":[{"href":"https:\/\/cosben-it.com\/fr\/wp-json\/wp\/v2\/product\/3585","targetHints":{"allow":["GET"]}}],"collection":[{"href":"https:\/\/cosben-it.com\/fr\/wp-json\/wp\/v2\/product"}],"about":[{"href":"https:\/\/cosben-it.com\/fr\/wp-json\/wp\/v2\/types\/product"}],"wp:featuredmedia":[{"embeddable":true,"href":"https:\/\/cosben-it.com\/fr\/wp-json\/wp\/v2\/media\/1993"}],"wp:attachment":[{"href":"https:\/\/cosben-it.com\/fr\/wp-json\/wp\/v2\/media?parent=3585"}],"wp:term":[{"taxonomy":"product_brand","embeddable":true,"href":"https:\/\/cosben-it.com\/fr\/wp-json\/wp\/v2\/product_brand?post=3585"},{"taxonomy":"product_cat","embeddable":true,"href":"https:\/\/cosben-it.com\/fr\/wp-json\/wp\/v2\/product_cat?post=3585"},{"taxonomy":"product_tag","embeddable":true,"href":"https:\/\/cosben-it.com\/fr\/wp-json\/wp\/v2\/product_tag?post=3585"}],"curies":[{"name":"wp","href":"https:\/\/api.w.org\/{rel}","templated":true}]}}